{"id":12384,"date":"2024-09-06T15:31:06","date_gmt":"2024-09-06T21:31:06","guid":{"rendered":"https:\/\/casaconciencia.wplab.click\/?post_type=product&#038;p=12384"},"modified":"2024-09-10T17:06:13","modified_gmt":"2024-09-10T23:06:13","slug":"mezcal-artesanal-organico-ecologico-espadin-40","status":"publish","type":"product","link":"https:\/\/casaconciencia.wplab.click\/en\/product\/mezcal-artesanal-organico-ecologico-espadin-40\/","title":{"rendered":"Mezcal Artesanal Org\u00e1nico (Organic) Espad\u00edn 40\u00b0."},"content":{"rendered":"<h6><span style=\"font-weight: 400;\">100% Agave Angustifolia Haw.<br \/>\n<\/span><span style=\"font-weight: 400;\">Fermentation in pine vats.<br \/>\n<\/span><span style=\"font-weight: 400;\">Distilled in Copper Alembic.<br \/>\n<\/span><span style=\"font-weight: 400;\">Young Mezcal \/ White.<br \/>\n<\/span><span style=\"font-weight: 400;\">40\u00b0 Alc. Vol.<br \/>\n<\/span><span style=\"font-weight: 400;\">750, 700 y 200 ml<\/span><\/h6>\n<p>&nbsp;<\/p>\n<table>\n<tbody>\n<tr>\n<td><span style=\"font-weight: 400;\"> View\u00a0<\/span><\/td>\n<td><span style=\"font-weight: 400;\">Smell\u00a0<\/span><\/td>\n<td><span style=\"font-weight: 400;\">Flavour\u00a0<\/span><\/td>\n<\/tr>\n<tr>\n<td><span style=\"font-weight: 400;\">Crystalline\u00a0<\/span><span style=\"font-weight: 400;\">\u2022Enduring legs\u00a0<\/span><\/td>\n<td><span style=\"font-weight: 400;\">- Sweet\u00a0<\/span><span style=\"font-weight: 400;\">- Citrus notes\u00a0<\/span><\/p>\n<p><span style=\"font-weight: 400;\">- Slightly smoky\u00a0<\/span><\/p>\n<p><span style=\"font-weight: 400;\">- Floral notes of Jasmine\u00a0<\/span><\/td>\n<td>\n<ul>\n<li style=\"font-weight: 400;\" aria-level=\"1\"><span style=\"font-weight: 400;\">Citrus notes of mango, peach, orange and apple.<\/span><\/li>\n<li style=\"font-weight: 400;\" aria-level=\"1\"><span style=\"font-weight: 400;\">Subtle lactic notes.<\/span><\/li>\n<li style=\"font-weight: 400;\" aria-level=\"1\"><span style=\"font-weight: 400;\">Sweetness similar to peach syrup.<\/span><\/li>\n<\/ul>\n<p><span style=\"font-weight: 400;\">Aftertaste: sweet, long-lasting and pleasant acidity.\u00a0<\/span><\/td>\n<\/tr>\n<\/tbody>\n<\/table>","protected":false},"excerpt":{"rendered":"<h6 style=\"text-align: justify;\"><span style=\"font-weight: 400;\">Espad\u00edn is an agave grown organically in the fertile fields of Yautepec, Oaxaca, Mexico. Thanks to the warm climate of the region, the agave matures in approximately 6 years, developing a sweet and complex profile.<br \/>\n<\/span><\/h6>\n<h6 style=\"text-align: justify;\"><span style=\"font-weight: 400;\">This mezcal is handcrafted using traditional methods and is completely free of additives, which preserves its purity and authentic flavour.<\/span><\/h6>","protected":false},"featured_media":12403,"template":"","meta":{"_acf_changed":false},"product_brand":[],"product_cat":[43],"product_tag":[],"class_list":{"0":"post-12384","1":"product","2":"type-product","3":"status-publish","4":"has-post-thumbnail","6":"product_cat-sin-categorizar","8":"first","9":"instock","10":"shipping-taxable","11":"purchasable","12":"product-type-variable"},"acf":[],"yoast_head":"<!-- This site is optimized with the Yoast SEO plugin v24.0 - https:\/\/yoast.com\/wordpress\/plugins\/seo\/ -->\n<title>Mezcal Artesanal Org\u00e1nico (Ecol\u00f3gico) Espad\u00edn 40\u00b0 - Casa Conciencia<\/title>\n<meta name=\"robots\" content=\"index, follow, max-snippet:-1, max-image-preview:large, max-video-preview:-1\" \/>\n<link rel=\"canonical\" href=\"https:\/\/casaconciencia.wplab.click\/en\/product\/mezcal-artesanal-organico-ecologico-espadin-40\/\" \/>\n<meta property=\"og:locale\" content=\"en_US\" \/>\n<meta property=\"og:type\" content=\"article\" \/>\n<meta property=\"og:title\" content=\"Mezcal Artesanal Org\u00e1nico (Ecol\u00f3gico) Espad\u00edn 40\u00b0 - Casa Conciencia\" \/>\n<meta property=\"og:description\" content=\"El espad\u00edn es un agave cultivado de manera org\u00e1nica en los f\u00e9rtiles campos de Yautepec, Oaxaca, M\u00e9xico. Gracias al clima c\u00e1lido de la regi\u00f3n, el agave madura en aproximadamente 6 a\u00f1os, desarrollando un perfil dulce y complejo.  Este mezcal se elabora de forma artesanal, respetando m\u00e9todos tradicionales, y es completamente libre de aditivos, lo que preserva su pureza y sabor aut\u00e9ntico.\" \/>\n<meta property=\"og:url\" content=\"https:\/\/casaconciencia.wplab.click\/en\/product\/mezcal-artesanal-organico-ecologico-espadin-40\/\" \/>\n<meta property=\"og:site_name\" content=\"Casa Conciencia\" \/>\n<meta property=\"article:modified_time\" content=\"2024-09-10T23:06:13+00:00\" \/>\n<meta property=\"og:image\" content=\"https:\/\/casaconciencia.wplab.click\/wp-content\/uploads\/2024\/09\/Espadin-Organico-700.png\" \/>\n\t<meta property=\"og:image:width\" content=\"2905\" \/>\n\t<meta property=\"og:image:height\" content=\"3873\" \/>\n\t<meta property=\"og:image:type\" content=\"image\/png\" \/>\n<meta name=\"twitter:card\" content=\"summary_large_image\" \/>\n<meta name=\"twitter:label1\" content=\"Est. reading time\" \/>\n\t<meta name=\"twitter:data1\" content=\"1 minute\" \/>\n<script type=\"application\/ld+json\" class=\"yoast-schema-graph\">{\"@context\":\"https:\/\/schema.org\",\"@graph\":[{\"@type\":\"WebPage\",\"@id\":\"https:\/\/casaconciencia.wplab.click\/producto\/mezcal-artesanal-organico-ecologico-espadin-40\/\",\"url\":\"https:\/\/casaconciencia.wplab.click\/producto\/mezcal-artesanal-organico-ecologico-espadin-40\/\",\"name\":\"Mezcal Artesanal Org\u00e1nico (Ecol\u00f3gico) Espad\u00edn 40\u00b0 - Casa Conciencia\",\"isPartOf\":{\"@id\":\"https:\/\/casaconciencia.wplab.click\/#website\"},\"primaryImageOfPage\":{\"@id\":\"https:\/\/casaconciencia.wplab.click\/producto\/mezcal-artesanal-organico-ecologico-espadin-40\/#primaryimage\"},\"image\":{\"@id\":\"https:\/\/casaconciencia.wplab.click\/producto\/mezcal-artesanal-organico-ecologico-espadin-40\/#primaryimage\"},\"thumbnailUrl\":\"https:\/\/casaconciencia.wplab.click\/wp-content\/uploads\/2024\/09\/Espadin-Organico-700.png\",\"datePublished\":\"2024-09-06T21:31:06+00:00\",\"dateModified\":\"2024-09-10T23:06:13+00:00\",\"breadcrumb\":{\"@id\":\"https:\/\/casaconciencia.wplab.click\/producto\/mezcal-artesanal-organico-ecologico-espadin-40\/#breadcrumb\"},\"inLanguage\":\"en-US\",\"potentialAction\":[{\"@type\":\"ReadAction\",\"target\":[\"https:\/\/casaconciencia.wplab.click\/producto\/mezcal-artesanal-organico-ecologico-espadin-40\/\"]}]},{\"@type\":\"ImageObject\",\"inLanguage\":\"en-US\",\"@id\":\"https:\/\/casaconciencia.wplab.click\/producto\/mezcal-artesanal-organico-ecologico-espadin-40\/#primaryimage\",\"url\":\"https:\/\/casaconciencia.wplab.click\/wp-content\/uploads\/2024\/09\/Espadin-Organico-700.png\",\"contentUrl\":\"https:\/\/casaconciencia.wplab.click\/wp-content\/uploads\/2024\/09\/Espadin-Organico-700.png\",\"width\":2905,\"height\":3873},{\"@type\":\"BreadcrumbList\",\"@id\":\"https:\/\/casaconciencia.wplab.click\/producto\/mezcal-artesanal-organico-ecologico-espadin-40\/#breadcrumb\",\"itemListElement\":[{\"@type\":\"ListItem\",\"position\":1,\"name\":\"Inicio\",\"item\":\"https:\/\/casaconciencia.wplab.click\/\"},{\"@type\":\"ListItem\",\"position\":2,\"name\":\"Tienda\",\"item\":\"https:\/\/casaconciencia.wplab.click\/tienda\/\"},{\"@type\":\"ListItem\",\"position\":3,\"name\":\"Mezcal Artesanal Org\u00e1nico (Ecol\u00f3gico) Espad\u00edn 40\u00b0\"}]},{\"@type\":\"WebSite\",\"@id\":\"https:\/\/casaconciencia.wplab.click\/#website\",\"url\":\"https:\/\/casaconciencia.wplab.click\/\",\"name\":\"Casa Conciencia\",\"description\":\"Producci\u00f3n, envasado y venta de mezcal artesanal de Oaxaca.\",\"publisher\":{\"@id\":\"https:\/\/casaconciencia.wplab.click\/#organization\"},\"potentialAction\":[{\"@type\":\"SearchAction\",\"target\":{\"@type\":\"EntryPoint\",\"urlTemplate\":\"https:\/\/casaconciencia.wplab.click\/?s={search_term_string}\"},\"query-input\":{\"@type\":\"PropertyValueSpecification\",\"valueRequired\":true,\"valueName\":\"search_term_string\"}}],\"inLanguage\":\"en-US\"},{\"@type\":\"Organization\",\"@id\":\"https:\/\/casaconciencia.wplab.click\/#organization\",\"name\":\"Casa Conciencia\",\"url\":\"https:\/\/casaconciencia.wplab.click\/\",\"logo\":{\"@type\":\"ImageObject\",\"inLanguage\":\"en-US\",\"@id\":\"https:\/\/casaconciencia.wplab.click\/#\/schema\/logo\/image\/\",\"url\":\"https:\/\/casaconciencia.wplab.click\/wp-content\/uploads\/2024\/06\/FavIconCC.svg\",\"contentUrl\":\"https:\/\/casaconciencia.wplab.click\/wp-content\/uploads\/2024\/06\/FavIconCC.svg\",\"width\":295,\"height\":304,\"caption\":\"Casa Conciencia\"},\"image\":{\"@id\":\"https:\/\/casaconciencia.wplab.click\/#\/schema\/logo\/image\/\"}}]}<\/script>\n<!-- \/ Yoast SEO plugin. -->","yoast_head_json":{"title":"Mezcal Artesanal Org\u00e1nico (Ecol\u00f3gico) Espad\u00edn 40\u00b0 - Casa Conciencia","robots":{"index":"index","follow":"follow","max-snippet":"max-snippet:-1","max-image-preview":"max-image-preview:large","max-video-preview":"max-video-preview:-1"},"canonical":"https:\/\/casaconciencia.wplab.click\/en\/product\/mezcal-artesanal-organico-ecologico-espadin-40\/","og_locale":"en_US","og_type":"article","og_title":"Mezcal Artesanal Org\u00e1nico (Ecol\u00f3gico) Espad\u00edn 40\u00b0 - Casa Conciencia","og_description":"El espad\u00edn es un agave cultivado de manera org\u00e1nica en los f\u00e9rtiles campos de Yautepec, Oaxaca, M\u00e9xico. Gracias al clima c\u00e1lido de la regi\u00f3n, el agave madura en aproximadamente 6 a\u00f1os, desarrollando un perfil dulce y complejo.  Este mezcal se elabora de forma artesanal, respetando m\u00e9todos tradicionales, y es completamente libre de aditivos, lo que preserva su pureza y sabor aut\u00e9ntico.","og_url":"https:\/\/casaconciencia.wplab.click\/en\/product\/mezcal-artesanal-organico-ecologico-espadin-40\/","og_site_name":"Casa Conciencia","article_modified_time":"2024-09-10T23:06:13+00:00","og_image":[{"width":2905,"height":3873,"url":"https:\/\/casaconciencia.wplab.click\/wp-content\/uploads\/2024\/09\/Espadin-Organico-700.png","type":"image\/png"}],"twitter_card":"summary_large_image","twitter_misc":{"Est. reading time":"1 minute"},"schema":{"@context":"https:\/\/schema.org","@graph":[{"@type":"WebPage","@id":"https:\/\/casaconciencia.wplab.click\/producto\/mezcal-artesanal-organico-ecologico-espadin-40\/","url":"https:\/\/casaconciencia.wplab.click\/producto\/mezcal-artesanal-organico-ecologico-espadin-40\/","name":"Mezcal Artesanal Org\u00e1nico (Ecol\u00f3gico) Espad\u00edn 40\u00b0 - Casa Conciencia","isPartOf":{"@id":"https:\/\/casaconciencia.wplab.click\/#website"},"primaryImageOfPage":{"@id":"https:\/\/casaconciencia.wplab.click\/producto\/mezcal-artesanal-organico-ecologico-espadin-40\/#primaryimage"},"image":{"@id":"https:\/\/casaconciencia.wplab.click\/producto\/mezcal-artesanal-organico-ecologico-espadin-40\/#primaryimage"},"thumbnailUrl":"https:\/\/casaconciencia.wplab.click\/wp-content\/uploads\/2024\/09\/Espadin-Organico-700.png","datePublished":"2024-09-06T21:31:06+00:00","dateModified":"2024-09-10T23:06:13+00:00","breadcrumb":{"@id":"https:\/\/casaconciencia.wplab.click\/producto\/mezcal-artesanal-organico-ecologico-espadin-40\/#breadcrumb"},"inLanguage":"en-US","potentialAction":[{"@type":"ReadAction","target":["https:\/\/casaconciencia.wplab.click\/producto\/mezcal-artesanal-organico-ecologico-espadin-40\/"]}]},{"@type":"ImageObject","inLanguage":"en-US","@id":"https:\/\/casaconciencia.wplab.click\/producto\/mezcal-artesanal-organico-ecologico-espadin-40\/#primaryimage","url":"https:\/\/casaconciencia.wplab.click\/wp-content\/uploads\/2024\/09\/Espadin-Organico-700.png","contentUrl":"https:\/\/casaconciencia.wplab.click\/wp-content\/uploads\/2024\/09\/Espadin-Organico-700.png","width":2905,"height":3873},{"@type":"BreadcrumbList","@id":"https:\/\/casaconciencia.wplab.click\/producto\/mezcal-artesanal-organico-ecologico-espadin-40\/#breadcrumb","itemListElement":[{"@type":"ListItem","position":1,"name":"Inicio","item":"https:\/\/casaconciencia.wplab.click\/"},{"@type":"ListItem","position":2,"name":"Tienda","item":"https:\/\/casaconciencia.wplab.click\/tienda\/"},{"@type":"ListItem","position":3,"name":"Mezcal Artesanal Org\u00e1nico (Ecol\u00f3gico) Espad\u00edn 40\u00b0"}]},{"@type":"WebSite","@id":"https:\/\/casaconciencia.wplab.click\/#website","url":"https:\/\/casaconciencia.wplab.click\/","name":"Casa Conciencia","description":"Producci\u00f3n, envasado y venta de mezcal artesanal de Oaxaca.","publisher":{"@id":"https:\/\/casaconciencia.wplab.click\/#organization"},"potentialAction":[{"@type":"SearchAction","target":{"@type":"EntryPoint","urlTemplate":"https:\/\/casaconciencia.wplab.click\/?s={search_term_string}"},"query-input":{"@type":"PropertyValueSpecification","valueRequired":true,"valueName":"search_term_string"}}],"inLanguage":"en-US"},{"@type":"Organization","@id":"https:\/\/casaconciencia.wplab.click\/#organization","name":"Casa Conciencia","url":"https:\/\/casaconciencia.wplab.click\/","logo":{"@type":"ImageObject","inLanguage":"en-US","@id":"https:\/\/casaconciencia.wplab.click\/#\/schema\/logo\/image\/","url":"https:\/\/casaconciencia.wplab.click\/wp-content\/uploads\/2024\/06\/FavIconCC.svg","contentUrl":"https:\/\/casaconciencia.wplab.click\/wp-content\/uploads\/2024\/06\/FavIconCC.svg","width":295,"height":304,"caption":"Casa Conciencia"},"image":{"@id":"https:\/\/casaconciencia.wplab.click\/#\/schema\/logo\/image\/"}}]}},"_links":{"self":[{"href":"https:\/\/casaconciencia.wplab.click\/en\/wp-json\/wp\/v2\/product\/12384","targetHints":{"allow":["GET"]}}],"collection":[{"href":"https:\/\/casaconciencia.wplab.click\/en\/wp-json\/wp\/v2\/product"}],"about":[{"href":"https:\/\/casaconciencia.wplab.click\/en\/wp-json\/wp\/v2\/types\/product"}],"wp:featuredmedia":[{"embeddable":true,"href":"https:\/\/casaconciencia.wplab.click\/en\/wp-json\/wp\/v2\/media\/12403"}],"wp:attachment":[{"href":"https:\/\/casaconciencia.wplab.click\/en\/wp-json\/wp\/v2\/media?parent=12384"}],"wp:term":[{"taxonomy":"product_brand","embeddable":true,"href":"https:\/\/casaconciencia.wplab.click\/en\/wp-json\/wp\/v2\/product_brand?post=12384"},{"taxonomy":"product_cat","embeddable":true,"href":"https:\/\/casaconciencia.wplab.click\/en\/wp-json\/wp\/v2\/product_cat?post=12384"},{"taxonomy":"product_tag","embeddable":true,"href":"https:\/\/casaconciencia.wplab.click\/en\/wp-json\/wp\/v2\/product_tag?post=12384"}],"curies":[{"name":"wp","href":"https:\/\/api.w.org\/{rel}","templated":true}]}}