{"id":12381,"date":"2024-09-06T15:29:19","date_gmt":"2024-09-06T21:29:19","guid":{"rendered":"https:\/\/casaconciencia.wplab.click\/?post_type=product&#038;p=12381"},"modified":"2024-09-10T17:08:25","modified_gmt":"2024-09-10T23:08:25","slug":"mezcal-artesanal-destilado-especial","status":"publish","type":"product","link":"https:\/\/casaconciencia.wplab.click\/en\/product\/mezcal-artesanal-destilado-especial\/","title":{"rendered":"Mezcal Artesanal Destilado Especial"},"content":{"rendered":"<h6><span style=\"font-weight: 400;\">100% Agave Angustifolia Haw.<br \/>\n<\/span><span style=\"font-weight: 400;\">Fermentation in pine vats.<br \/>\n<\/span><span style=\"font-weight: 400;\">Distilled in copper pot stills.<br \/>\n<\/span><span style=\"font-weight: 400;\">Destilado Especial.<br \/>\n<\/span><span style=\"font-weight: 400;\">Young Mezcal \/ White.<br \/>\n<\/span><span style=\"font-weight: 400;\">47\u00b0 Alc. Vol.<br \/>\n<\/span><span style=\"font-weight: 400;\">750, 700 y 200 ml<\/span><\/h6>\n<p>&nbsp;<\/p>\n<table>\n<tbody>\n<tr>\n<td><span style=\"font-weight: 400;\"> View\u00a0<\/span><\/td>\n<td><span style=\"font-weight: 400;\">Smell\u00a0<\/span><\/td>\n<td><span style=\"font-weight: 400;\">Flavour\u00a0<\/span><\/td>\n<\/tr>\n<tr>\n<td><span style=\"font-weight: 400;\">Crystalline\u00a0<\/span><span style=\"font-weight: 400;\">Abundant and long-lasting legs\u00a0<\/span><\/td>\n<td><span style=\"font-weight: 400;\">- Sweet\u00a0<\/span><span style=\"font-weight: 400;\">Scented\u00a0<\/span><\/p>\n<p><span style=\"font-weight: 400;\">\u2022 C\u00edtrico\u00a0<\/span><\/td>\n<td><span style=\"font-weight: 400;\">Coffee\u00a0<\/span><span style=\"font-weight: 400;\">- Sweet\u00a0<\/span><\/p>\n<p><span style=\"font-weight: 400;\">\u2022 Notas a chile Guajillo\u00a0<\/span><\/p>\n<p><span style=\"font-weight: 400;\">\u2022 Retrogusto largo, consistencia cremosa, y de larga duraci\u00f3n.<\/span><\/td>\n<\/tr>\n<\/tbody>\n<\/table>","protected":false},"excerpt":{"rendered":"<h6 style=\"text-align: justify;\"><span style=\"font-weight: 400;\">Este mezcal artesanal se elabora con agave espad\u00edn, destilado cuidadosamente junto a una planta m\u00e1gica seleccionada, lo que le otorga un car\u00e1cter \u00fanico y m\u00edstico.<\/span><\/h6>\n<h6 style=\"text-align: justify;\">Su perfil de sabor combina las notas tradicionales del espad\u00edn, como el ligero ahumado y la frescura herbal, con los matices sutiles y sorprendentes que aporta la planta m\u00e1gica, resultando en una experiencia sensorial profunda y enigm\u00e1tica.<\/h6>\n<h6 style=\"text-align: justify;\">Ideal para quienes buscan un mezcal con una esencia especial y un toque de misterio.<\/h6>","protected":false},"featured_media":12263,"template":"","meta":{"_acf_changed":false},"product_brand":[],"product_cat":[43],"product_tag":[],"class_list":{"0":"post-12381","1":"product","2":"type-product","3":"status-publish","4":"has-post-thumbnail","6":"product_cat-sin-categorizar","8":"first","9":"instock","10":"shipping-taxable","11":"purchasable","12":"product-type-variable"},"acf":[],"yoast_head":"<!-- This site is optimized with the Yoast SEO plugin v24.0 - https:\/\/yoast.com\/wordpress\/plugins\/seo\/ -->\n<title>Mezcal Artesanal Destilado Especial - Casa Conciencia<\/title>\n<meta name=\"robots\" content=\"index, follow, max-snippet:-1, max-image-preview:large, max-video-preview:-1\" \/>\n<link rel=\"canonical\" href=\"https:\/\/casaconciencia.wplab.click\/en\/product\/mezcal-artesanal-destilado-especial\/\" \/>\n<meta property=\"og:locale\" content=\"en_US\" \/>\n<meta property=\"og:type\" content=\"article\" \/>\n<meta property=\"og:title\" content=\"Mezcal Artesanal Destilado Especial - Casa Conciencia\" \/>\n<meta property=\"og:description\" content=\"Este mezcal artesanal se elabora con agave espad\u00edn, destilado cuidadosamente junto a una planta m\u00e1gica seleccionada, lo que le otorga un car\u00e1cter \u00fanico y m\u00edstico. Su perfil de sabor combina las notas tradicionales del espad\u00edn, como el ligero ahumado y la frescura herbal, con los matices sutiles y sorprendentes que aporta la planta m\u00e1gica, resultando en una experiencia sensorial profunda y enigm\u00e1tica. Ideal para quienes buscan un mezcal con una esencia especial y un toque de misterio.\" \/>\n<meta property=\"og:url\" content=\"https:\/\/casaconciencia.wplab.click\/en\/product\/mezcal-artesanal-destilado-especial\/\" \/>\n<meta property=\"og:site_name\" content=\"Casa Conciencia\" \/>\n<meta property=\"article:modified_time\" content=\"2024-09-10T23:08:25+00:00\" \/>\n<meta property=\"og:image\" content=\"https:\/\/casaconciencia.wplab.click\/wp-content\/uploads\/2024\/09\/750-frente-SIN-FONDO.png\" \/>\n\t<meta property=\"og:image:width\" content=\"1200\" \/>\n\t<meta property=\"og:image:height\" content=\"1200\" \/>\n\t<meta property=\"og:image:type\" content=\"image\/png\" \/>\n<meta name=\"twitter:card\" content=\"summary_large_image\" \/>\n<meta name=\"twitter:label1\" content=\"Est. reading time\" \/>\n\t<meta name=\"twitter:data1\" content=\"1 minute\" \/>\n<script type=\"application\/ld+json\" class=\"yoast-schema-graph\">{\"@context\":\"https:\/\/schema.org\",\"@graph\":[{\"@type\":\"WebPage\",\"@id\":\"https:\/\/casaconciencia.wplab.click\/producto\/mezcal-artesanal-destilado-especial\/\",\"url\":\"https:\/\/casaconciencia.wplab.click\/producto\/mezcal-artesanal-destilado-especial\/\",\"name\":\"Mezcal Artesanal Destilado Especial - Casa Conciencia\",\"isPartOf\":{\"@id\":\"https:\/\/casaconciencia.wplab.click\/#website\"},\"primaryImageOfPage\":{\"@id\":\"https:\/\/casaconciencia.wplab.click\/producto\/mezcal-artesanal-destilado-especial\/#primaryimage\"},\"image\":{\"@id\":\"https:\/\/casaconciencia.wplab.click\/producto\/mezcal-artesanal-destilado-especial\/#primaryimage\"},\"thumbnailUrl\":\"https:\/\/casaconciencia.wplab.click\/wp-content\/uploads\/2024\/09\/750-frente-SIN-FONDO.png\",\"datePublished\":\"2024-09-06T21:29:19+00:00\",\"dateModified\":\"2024-09-10T23:08:25+00:00\",\"breadcrumb\":{\"@id\":\"https:\/\/casaconciencia.wplab.click\/producto\/mezcal-artesanal-destilado-especial\/#breadcrumb\"},\"inLanguage\":\"en-US\",\"potentialAction\":[{\"@type\":\"ReadAction\",\"target\":[\"https:\/\/casaconciencia.wplab.click\/producto\/mezcal-artesanal-destilado-especial\/\"]}]},{\"@type\":\"ImageObject\",\"inLanguage\":\"en-US\",\"@id\":\"https:\/\/casaconciencia.wplab.click\/producto\/mezcal-artesanal-destilado-especial\/#primaryimage\",\"url\":\"https:\/\/casaconciencia.wplab.click\/wp-content\/uploads\/2024\/09\/750-frente-SIN-FONDO.png\",\"contentUrl\":\"https:\/\/casaconciencia.wplab.click\/wp-content\/uploads\/2024\/09\/750-frente-SIN-FONDO.png\",\"width\":1200,\"height\":1200},{\"@type\":\"BreadcrumbList\",\"@id\":\"https:\/\/casaconciencia.wplab.click\/producto\/mezcal-artesanal-destilado-especial\/#breadcrumb\",\"itemListElement\":[{\"@type\":\"ListItem\",\"position\":1,\"name\":\"Inicio\",\"item\":\"https:\/\/casaconciencia.wplab.click\/\"},{\"@type\":\"ListItem\",\"position\":2,\"name\":\"Tienda\",\"item\":\"https:\/\/casaconciencia.wplab.click\/tienda\/\"},{\"@type\":\"ListItem\",\"position\":3,\"name\":\"Mezcal Artesanal Destilado Especial\"}]},{\"@type\":\"WebSite\",\"@id\":\"https:\/\/casaconciencia.wplab.click\/#website\",\"url\":\"https:\/\/casaconciencia.wplab.click\/\",\"name\":\"Casa Conciencia\",\"description\":\"Producci\u00f3n, envasado y venta de mezcal artesanal de Oaxaca.\",\"publisher\":{\"@id\":\"https:\/\/casaconciencia.wplab.click\/#organization\"},\"potentialAction\":[{\"@type\":\"SearchAction\",\"target\":{\"@type\":\"EntryPoint\",\"urlTemplate\":\"https:\/\/casaconciencia.wplab.click\/?s={search_term_string}\"},\"query-input\":{\"@type\":\"PropertyValueSpecification\",\"valueRequired\":true,\"valueName\":\"search_term_string\"}}],\"inLanguage\":\"en-US\"},{\"@type\":\"Organization\",\"@id\":\"https:\/\/casaconciencia.wplab.click\/#organization\",\"name\":\"Casa Conciencia\",\"url\":\"https:\/\/casaconciencia.wplab.click\/\",\"logo\":{\"@type\":\"ImageObject\",\"inLanguage\":\"en-US\",\"@id\":\"https:\/\/casaconciencia.wplab.click\/#\/schema\/logo\/image\/\",\"url\":\"https:\/\/casaconciencia.wplab.click\/wp-content\/uploads\/2024\/06\/FavIconCC.svg\",\"contentUrl\":\"https:\/\/casaconciencia.wplab.click\/wp-content\/uploads\/2024\/06\/FavIconCC.svg\",\"width\":295,\"height\":304,\"caption\":\"Casa Conciencia\"},\"image\":{\"@id\":\"https:\/\/casaconciencia.wplab.click\/#\/schema\/logo\/image\/\"}}]}<\/script>\n<!-- \/ Yoast SEO plugin. -->","yoast_head_json":{"title":"Mezcal Artesanal Destilado Especial - Casa Conciencia","robots":{"index":"index","follow":"follow","max-snippet":"max-snippet:-1","max-image-preview":"max-image-preview:large","max-video-preview":"max-video-preview:-1"},"canonical":"https:\/\/casaconciencia.wplab.click\/en\/product\/mezcal-artesanal-destilado-especial\/","og_locale":"en_US","og_type":"article","og_title":"Mezcal Artesanal Destilado Especial - Casa Conciencia","og_description":"Este mezcal artesanal se elabora con agave espad\u00edn, destilado cuidadosamente junto a una planta m\u00e1gica seleccionada, lo que le otorga un car\u00e1cter \u00fanico y m\u00edstico. Su perfil de sabor combina las notas tradicionales del espad\u00edn, como el ligero ahumado y la frescura herbal, con los matices sutiles y sorprendentes que aporta la planta m\u00e1gica, resultando en una experiencia sensorial profunda y enigm\u00e1tica. Ideal para quienes buscan un mezcal con una esencia especial y un toque de misterio.","og_url":"https:\/\/casaconciencia.wplab.click\/en\/product\/mezcal-artesanal-destilado-especial\/","og_site_name":"Casa Conciencia","article_modified_time":"2024-09-10T23:08:25+00:00","og_image":[{"width":1200,"height":1200,"url":"https:\/\/casaconciencia.wplab.click\/wp-content\/uploads\/2024\/09\/750-frente-SIN-FONDO.png","type":"image\/png"}],"twitter_card":"summary_large_image","twitter_misc":{"Est. reading time":"1 minute"},"schema":{"@context":"https:\/\/schema.org","@graph":[{"@type":"WebPage","@id":"https:\/\/casaconciencia.wplab.click\/producto\/mezcal-artesanal-destilado-especial\/","url":"https:\/\/casaconciencia.wplab.click\/producto\/mezcal-artesanal-destilado-especial\/","name":"Mezcal Artesanal Destilado Especial - Casa Conciencia","isPartOf":{"@id":"https:\/\/casaconciencia.wplab.click\/#website"},"primaryImageOfPage":{"@id":"https:\/\/casaconciencia.wplab.click\/producto\/mezcal-artesanal-destilado-especial\/#primaryimage"},"image":{"@id":"https:\/\/casaconciencia.wplab.click\/producto\/mezcal-artesanal-destilado-especial\/#primaryimage"},"thumbnailUrl":"https:\/\/casaconciencia.wplab.click\/wp-content\/uploads\/2024\/09\/750-frente-SIN-FONDO.png","datePublished":"2024-09-06T21:29:19+00:00","dateModified":"2024-09-10T23:08:25+00:00","breadcrumb":{"@id":"https:\/\/casaconciencia.wplab.click\/producto\/mezcal-artesanal-destilado-especial\/#breadcrumb"},"inLanguage":"en-US","potentialAction":[{"@type":"ReadAction","target":["https:\/\/casaconciencia.wplab.click\/producto\/mezcal-artesanal-destilado-especial\/"]}]},{"@type":"ImageObject","inLanguage":"en-US","@id":"https:\/\/casaconciencia.wplab.click\/producto\/mezcal-artesanal-destilado-especial\/#primaryimage","url":"https:\/\/casaconciencia.wplab.click\/wp-content\/uploads\/2024\/09\/750-frente-SIN-FONDO.png","contentUrl":"https:\/\/casaconciencia.wplab.click\/wp-content\/uploads\/2024\/09\/750-frente-SIN-FONDO.png","width":1200,"height":1200},{"@type":"BreadcrumbList","@id":"https:\/\/casaconciencia.wplab.click\/producto\/mezcal-artesanal-destilado-especial\/#breadcrumb","itemListElement":[{"@type":"ListItem","position":1,"name":"Inicio","item":"https:\/\/casaconciencia.wplab.click\/"},{"@type":"ListItem","position":2,"name":"Tienda","item":"https:\/\/casaconciencia.wplab.click\/tienda\/"},{"@type":"ListItem","position":3,"name":"Mezcal Artesanal Destilado Especial"}]},{"@type":"WebSite","@id":"https:\/\/casaconciencia.wplab.click\/#website","url":"https:\/\/casaconciencia.wplab.click\/","name":"Casa Conciencia","description":"Producci\u00f3n, envasado y venta de mezcal artesanal de Oaxaca.","publisher":{"@id":"https:\/\/casaconciencia.wplab.click\/#organization"},"potentialAction":[{"@type":"SearchAction","target":{"@type":"EntryPoint","urlTemplate":"https:\/\/casaconciencia.wplab.click\/?s={search_term_string}"},"query-input":{"@type":"PropertyValueSpecification","valueRequired":true,"valueName":"search_term_string"}}],"inLanguage":"en-US"},{"@type":"Organization","@id":"https:\/\/casaconciencia.wplab.click\/#organization","name":"Casa Conciencia","url":"https:\/\/casaconciencia.wplab.click\/","logo":{"@type":"ImageObject","inLanguage":"en-US","@id":"https:\/\/casaconciencia.wplab.click\/#\/schema\/logo\/image\/","url":"https:\/\/casaconciencia.wplab.click\/wp-content\/uploads\/2024\/06\/FavIconCC.svg","contentUrl":"https:\/\/casaconciencia.wplab.click\/wp-content\/uploads\/2024\/06\/FavIconCC.svg","width":295,"height":304,"caption":"Casa Conciencia"},"image":{"@id":"https:\/\/casaconciencia.wplab.click\/#\/schema\/logo\/image\/"}}]}},"_links":{"self":[{"href":"https:\/\/casaconciencia.wplab.click\/en\/wp-json\/wp\/v2\/product\/12381","targetHints":{"allow":["GET"]}}],"collection":[{"href":"https:\/\/casaconciencia.wplab.click\/en\/wp-json\/wp\/v2\/product"}],"about":[{"href":"https:\/\/casaconciencia.wplab.click\/en\/wp-json\/wp\/v2\/types\/product"}],"wp:featuredmedia":[{"embeddable":true,"href":"https:\/\/casaconciencia.wplab.click\/en\/wp-json\/wp\/v2\/media\/12263"}],"wp:attachment":[{"href":"https:\/\/casaconciencia.wplab.click\/en\/wp-json\/wp\/v2\/media?parent=12381"}],"wp:term":[{"taxonomy":"product_brand","embeddable":true,"href":"https:\/\/casaconciencia.wplab.click\/en\/wp-json\/wp\/v2\/product_brand?post=12381"},{"taxonomy":"product_cat","embeddable":true,"href":"https:\/\/casaconciencia.wplab.click\/en\/wp-json\/wp\/v2\/product_cat?post=12381"},{"taxonomy":"product_tag","embeddable":true,"href":"https:\/\/casaconciencia.wplab.click\/en\/wp-json\/wp\/v2\/product_tag?post=12381"}],"curies":[{"name":"wp","href":"https:\/\/api.w.org\/{rel}","templated":true}]}}