{"id":12375,"date":"2024-09-06T15:24:20","date_gmt":"2024-09-06T21:24:20","guid":{"rendered":"https:\/\/casaconciencia.wplab.click\/?post_type=product&#038;p=12375"},"modified":"2024-09-10T17:10:54","modified_gmt":"2024-09-10T23:10:54","slug":"mezcal-artesanal-ensamble-espadin-madrecuishe","status":"publish","type":"product","link":"https:\/\/casaconciencia.wplab.click\/en\/product\/mezcal-artesanal-ensamble-espadin-madrecuishe\/","title":{"rendered":"Mezcal Artesanal Ensamble Espad\u00edn \/ Madrecuishe"},"content":{"rendered":"<h6><span style=\"font-weight: 400;\">50% Agave Angustifolia Haw and 50% Agave Karwinskii.<br \/>\n<\/span><span style=\"font-weight: 400;\">Fermentation in pine vats.<br \/>\n<\/span><span style=\"font-weight: 400;\">Distilled in copper pot stills.<br \/>\n<\/span><span style=\"font-weight: 400;\">Young Mezcal \/ White.<br \/>\n<\/span><span style=\"font-weight: 400;\">48\u00b0 Alc. Vol.<br \/>\n<\/span><span style=\"font-weight: 400;\">750, 700 y 200 ml<\/span><\/h6>\n<p>&nbsp;<\/p>\n<table>\n<tbody>\n<tr>\n<td><span style=\"font-weight: 400;\"> View\u00a0<\/span><\/td>\n<td><span style=\"font-weight: 400;\">Smell\u00a0<\/span><\/td>\n<td><span style=\"font-weight: 400;\">Flavour\u00a0<\/span><\/td>\n<\/tr>\n<tr>\n<td><span style=\"font-weight: 400;\">Crystalline\u00a0<\/span><span style=\"font-weight: 400;\">Abundant and long-lasting legs\u00a0<\/span><\/p>\n<p><span style=\"font-weight: 400;\">Pearly present\u00a0<\/span><\/td>\n<td><span style=\"font-weight: 400;\">Sweet: cooked maguey\u00a0<\/span><span style=\"font-weight: 400;\">Citrus notes: mandarin, banana, apple, plum.\u00a0<\/span><\/td>\n<td>\n<ul>\n<li style=\"font-weight: 400;\" aria-level=\"1\"><span style=\"font-weight: 400;\">Sweetness of tropical fruits such as banana and wild fruits.<\/span><\/li>\n<li style=\"font-weight: 400;\" aria-level=\"1\"><span style=\"font-weight: 400;\">Fresh notes of mint.<\/span><\/li>\n<li style=\"font-weight: 400;\" aria-level=\"1\"><span style=\"font-weight: 400;\">Citrus fruits such as mandarin.<\/span><\/li>\n<\/ul>\n<p><span style=\"font-weight: 400;\">Aftertaste: fresh, slightly smoky, long-lasting and with good acidity.\u00a0<\/span><\/td>\n<\/tr>\n<\/tbody>\n<\/table>","protected":false},"excerpt":{"rendered":"<h6 style=\"text-align: justify;\"><span style=\"font-weight: 400;\">A blended mezcal of Espad\u00edn and Madrecuishe agaves offers a unique fusion of flavours that brings out the best of both agaves. <\/span><\/h6>\n<h6 style=\"text-align: justify;\"><span style=\"font-weight: 400;\">The Espad\u00edn contributes a smooth profile and subtle smokiness, while the Madrecuishe adds complexity with its earthy and fresh notes. <\/span><\/h6>\n<h6 style=\"text-align: justify;\"><span style=\"font-weight: 400;\">This combination results in a balanced mezcal, ideal for those seeking a richly nuanced experience.<\/span><\/h6>","protected":false},"featured_media":12400,"template":"","meta":{"_acf_changed":false},"product_brand":[],"product_cat":[43],"product_tag":[],"class_list":{"0":"post-12375","1":"product","2":"type-product","3":"status-publish","4":"has-post-thumbnail","6":"product_cat-sin-categorizar","8":"first","9":"instock","10":"shipping-taxable","11":"purchasable","12":"product-type-variable"},"acf":[],"yoast_head":"<!-- This site is optimized with the Yoast SEO plugin v24.0 - https:\/\/yoast.com\/wordpress\/plugins\/seo\/ -->\n<title>Mezcal Artesanal ensamble Espad\u00edn \/ Madrecuishe - Casa Conciencia<\/title>\n<meta name=\"robots\" content=\"index, follow, max-snippet:-1, max-image-preview:large, max-video-preview:-1\" \/>\n<link rel=\"canonical\" href=\"https:\/\/casaconciencia.wplab.click\/en\/product\/mezcal-artesanal-ensamble-espadin-madrecuishe\/\" \/>\n<meta property=\"og:locale\" content=\"en_US\" \/>\n<meta property=\"og:type\" content=\"article\" \/>\n<meta property=\"og:title\" content=\"Mezcal Artesanal ensamble Espad\u00edn \/ Madrecuishe - Casa Conciencia\" \/>\n<meta property=\"og:description\" content=\"Un mezcal ensamblado de agaves Espad\u00edn y Madrecuishe ofrece una fusi\u00f3n \u00fanica de sabores que resalta lo mejor de ambos agaves.  El Espad\u00edn aporta un perfil suave y un sutil toque ahumado, mientras que el Madrecuishe a\u00f1ade complejidad con sus notas terrosas y frescas.  Esta combinaci\u00f3n resulta en un mezcal equilibrado, ideal para quienes buscan una experiencia rica en matices.\" \/>\n<meta property=\"og:url\" content=\"https:\/\/casaconciencia.wplab.click\/en\/product\/mezcal-artesanal-ensamble-espadin-madrecuishe\/\" \/>\n<meta property=\"og:site_name\" content=\"Casa Conciencia\" \/>\n<meta property=\"article:modified_time\" content=\"2024-09-10T23:10:54+00:00\" \/>\n<meta property=\"og:image\" content=\"https:\/\/casaconciencia.wplab.click\/wp-content\/uploads\/2024\/09\/CC-Espadin-y-Madrecuishe-2-768x1024.png\" \/>\n\t<meta property=\"og:image:width\" content=\"768\" \/>\n\t<meta property=\"og:image:height\" content=\"1024\" \/>\n\t<meta property=\"og:image:type\" content=\"image\/png\" \/>\n<meta name=\"twitter:card\" content=\"summary_large_image\" \/>\n<meta name=\"twitter:label1\" content=\"Est. reading time\" \/>\n\t<meta name=\"twitter:data1\" content=\"1 minute\" \/>\n<script type=\"application\/ld+json\" class=\"yoast-schema-graph\">{\"@context\":\"https:\/\/schema.org\",\"@graph\":[{\"@type\":\"WebPage\",\"@id\":\"https:\/\/casaconciencia.wplab.click\/producto\/mezcal-artesanal-ensamble-espadin-madrecuishe\/\",\"url\":\"https:\/\/casaconciencia.wplab.click\/producto\/mezcal-artesanal-ensamble-espadin-madrecuishe\/\",\"name\":\"Mezcal Artesanal ensamble Espad\u00edn \/ Madrecuishe - Casa Conciencia\",\"isPartOf\":{\"@id\":\"https:\/\/casaconciencia.wplab.click\/#website\"},\"primaryImageOfPage\":{\"@id\":\"https:\/\/casaconciencia.wplab.click\/producto\/mezcal-artesanal-ensamble-espadin-madrecuishe\/#primaryimage\"},\"image\":{\"@id\":\"https:\/\/casaconciencia.wplab.click\/producto\/mezcal-artesanal-ensamble-espadin-madrecuishe\/#primaryimage\"},\"thumbnailUrl\":\"https:\/\/casaconciencia.wplab.click\/wp-content\/uploads\/2024\/09\/CC-Espadin-y-Madrecuishe-2.png\",\"datePublished\":\"2024-09-06T21:24:20+00:00\",\"dateModified\":\"2024-09-10T23:10:54+00:00\",\"breadcrumb\":{\"@id\":\"https:\/\/casaconciencia.wplab.click\/producto\/mezcal-artesanal-ensamble-espadin-madrecuishe\/#breadcrumb\"},\"inLanguage\":\"en-US\",\"potentialAction\":[{\"@type\":\"ReadAction\",\"target\":[\"https:\/\/casaconciencia.wplab.click\/producto\/mezcal-artesanal-ensamble-espadin-madrecuishe\/\"]}]},{\"@type\":\"ImageObject\",\"inLanguage\":\"en-US\",\"@id\":\"https:\/\/casaconciencia.wplab.click\/producto\/mezcal-artesanal-ensamble-espadin-madrecuishe\/#primaryimage\",\"url\":\"https:\/\/casaconciencia.wplab.click\/wp-content\/uploads\/2024\/09\/CC-Espadin-y-Madrecuishe-2.png\",\"contentUrl\":\"https:\/\/casaconciencia.wplab.click\/wp-content\/uploads\/2024\/09\/CC-Espadin-y-Madrecuishe-2.png\",\"width\":2905,\"height\":3873},{\"@type\":\"BreadcrumbList\",\"@id\":\"https:\/\/casaconciencia.wplab.click\/producto\/mezcal-artesanal-ensamble-espadin-madrecuishe\/#breadcrumb\",\"itemListElement\":[{\"@type\":\"ListItem\",\"position\":1,\"name\":\"Inicio\",\"item\":\"https:\/\/casaconciencia.wplab.click\/\"},{\"@type\":\"ListItem\",\"position\":2,\"name\":\"Tienda\",\"item\":\"https:\/\/casaconciencia.wplab.click\/tienda\/\"},{\"@type\":\"ListItem\",\"position\":3,\"name\":\"Mezcal Artesanal ensamble Espad\u00edn \/ Madrecuishe\"}]},{\"@type\":\"WebSite\",\"@id\":\"https:\/\/casaconciencia.wplab.click\/#website\",\"url\":\"https:\/\/casaconciencia.wplab.click\/\",\"name\":\"Casa Conciencia\",\"description\":\"Producci\u00f3n, envasado y venta de mezcal artesanal de Oaxaca.\",\"publisher\":{\"@id\":\"https:\/\/casaconciencia.wplab.click\/#organization\"},\"potentialAction\":[{\"@type\":\"SearchAction\",\"target\":{\"@type\":\"EntryPoint\",\"urlTemplate\":\"https:\/\/casaconciencia.wplab.click\/?s={search_term_string}\"},\"query-input\":{\"@type\":\"PropertyValueSpecification\",\"valueRequired\":true,\"valueName\":\"search_term_string\"}}],\"inLanguage\":\"en-US\"},{\"@type\":\"Organization\",\"@id\":\"https:\/\/casaconciencia.wplab.click\/#organization\",\"name\":\"Casa Conciencia\",\"url\":\"https:\/\/casaconciencia.wplab.click\/\",\"logo\":{\"@type\":\"ImageObject\",\"inLanguage\":\"en-US\",\"@id\":\"https:\/\/casaconciencia.wplab.click\/#\/schema\/logo\/image\/\",\"url\":\"https:\/\/casaconciencia.wplab.click\/wp-content\/uploads\/2024\/06\/FavIconCC.svg\",\"contentUrl\":\"https:\/\/casaconciencia.wplab.click\/wp-content\/uploads\/2024\/06\/FavIconCC.svg\",\"width\":295,\"height\":304,\"caption\":\"Casa Conciencia\"},\"image\":{\"@id\":\"https:\/\/casaconciencia.wplab.click\/#\/schema\/logo\/image\/\"}}]}<\/script>\n<!-- \/ Yoast SEO plugin. -->","yoast_head_json":{"title":"Mezcal Artesanal ensamble Espad\u00edn \/ Madrecuishe - Casa Conciencia","robots":{"index":"index","follow":"follow","max-snippet":"max-snippet:-1","max-image-preview":"max-image-preview:large","max-video-preview":"max-video-preview:-1"},"canonical":"https:\/\/casaconciencia.wplab.click\/en\/product\/mezcal-artesanal-ensamble-espadin-madrecuishe\/","og_locale":"en_US","og_type":"article","og_title":"Mezcal Artesanal ensamble Espad\u00edn \/ Madrecuishe - Casa Conciencia","og_description":"Un mezcal ensamblado de agaves Espad\u00edn y Madrecuishe ofrece una fusi\u00f3n \u00fanica de sabores que resalta lo mejor de ambos agaves.  El Espad\u00edn aporta un perfil suave y un sutil toque ahumado, mientras que el Madrecuishe a\u00f1ade complejidad con sus notas terrosas y frescas.  Esta combinaci\u00f3n resulta en un mezcal equilibrado, ideal para quienes buscan una experiencia rica en matices.","og_url":"https:\/\/casaconciencia.wplab.click\/en\/product\/mezcal-artesanal-ensamble-espadin-madrecuishe\/","og_site_name":"Casa Conciencia","article_modified_time":"2024-09-10T23:10:54+00:00","og_image":[{"width":768,"height":1024,"url":"https:\/\/casaconciencia.wplab.click\/wp-content\/uploads\/2024\/09\/CC-Espadin-y-Madrecuishe-2-768x1024.png","type":"image\/png"}],"twitter_card":"summary_large_image","twitter_misc":{"Est. reading time":"1 minute"},"schema":{"@context":"https:\/\/schema.org","@graph":[{"@type":"WebPage","@id":"https:\/\/casaconciencia.wplab.click\/producto\/mezcal-artesanal-ensamble-espadin-madrecuishe\/","url":"https:\/\/casaconciencia.wplab.click\/producto\/mezcal-artesanal-ensamble-espadin-madrecuishe\/","name":"Mezcal Artesanal ensamble Espad\u00edn \/ Madrecuishe - Casa Conciencia","isPartOf":{"@id":"https:\/\/casaconciencia.wplab.click\/#website"},"primaryImageOfPage":{"@id":"https:\/\/casaconciencia.wplab.click\/producto\/mezcal-artesanal-ensamble-espadin-madrecuishe\/#primaryimage"},"image":{"@id":"https:\/\/casaconciencia.wplab.click\/producto\/mezcal-artesanal-ensamble-espadin-madrecuishe\/#primaryimage"},"thumbnailUrl":"https:\/\/casaconciencia.wplab.click\/wp-content\/uploads\/2024\/09\/CC-Espadin-y-Madrecuishe-2.png","datePublished":"2024-09-06T21:24:20+00:00","dateModified":"2024-09-10T23:10:54+00:00","breadcrumb":{"@id":"https:\/\/casaconciencia.wplab.click\/producto\/mezcal-artesanal-ensamble-espadin-madrecuishe\/#breadcrumb"},"inLanguage":"en-US","potentialAction":[{"@type":"ReadAction","target":["https:\/\/casaconciencia.wplab.click\/producto\/mezcal-artesanal-ensamble-espadin-madrecuishe\/"]}]},{"@type":"ImageObject","inLanguage":"en-US","@id":"https:\/\/casaconciencia.wplab.click\/producto\/mezcal-artesanal-ensamble-espadin-madrecuishe\/#primaryimage","url":"https:\/\/casaconciencia.wplab.click\/wp-content\/uploads\/2024\/09\/CC-Espadin-y-Madrecuishe-2.png","contentUrl":"https:\/\/casaconciencia.wplab.click\/wp-content\/uploads\/2024\/09\/CC-Espadin-y-Madrecuishe-2.png","width":2905,"height":3873},{"@type":"BreadcrumbList","@id":"https:\/\/casaconciencia.wplab.click\/producto\/mezcal-artesanal-ensamble-espadin-madrecuishe\/#breadcrumb","itemListElement":[{"@type":"ListItem","position":1,"name":"Inicio","item":"https:\/\/casaconciencia.wplab.click\/"},{"@type":"ListItem","position":2,"name":"Tienda","item":"https:\/\/casaconciencia.wplab.click\/tienda\/"},{"@type":"ListItem","position":3,"name":"Mezcal Artesanal ensamble Espad\u00edn \/ Madrecuishe"}]},{"@type":"WebSite","@id":"https:\/\/casaconciencia.wplab.click\/#website","url":"https:\/\/casaconciencia.wplab.click\/","name":"Casa Conciencia","description":"Producci\u00f3n, envasado y venta de mezcal artesanal de Oaxaca.","publisher":{"@id":"https:\/\/casaconciencia.wplab.click\/#organization"},"potentialAction":[{"@type":"SearchAction","target":{"@type":"EntryPoint","urlTemplate":"https:\/\/casaconciencia.wplab.click\/?s={search_term_string}"},"query-input":{"@type":"PropertyValueSpecification","valueRequired":true,"valueName":"search_term_string"}}],"inLanguage":"en-US"},{"@type":"Organization","@id":"https:\/\/casaconciencia.wplab.click\/#organization","name":"Casa Conciencia","url":"https:\/\/casaconciencia.wplab.click\/","logo":{"@type":"ImageObject","inLanguage":"en-US","@id":"https:\/\/casaconciencia.wplab.click\/#\/schema\/logo\/image\/","url":"https:\/\/casaconciencia.wplab.click\/wp-content\/uploads\/2024\/06\/FavIconCC.svg","contentUrl":"https:\/\/casaconciencia.wplab.click\/wp-content\/uploads\/2024\/06\/FavIconCC.svg","width":295,"height":304,"caption":"Casa Conciencia"},"image":{"@id":"https:\/\/casaconciencia.wplab.click\/#\/schema\/logo\/image\/"}}]}},"_links":{"self":[{"href":"https:\/\/casaconciencia.wplab.click\/en\/wp-json\/wp\/v2\/product\/12375","targetHints":{"allow":["GET"]}}],"collection":[{"href":"https:\/\/casaconciencia.wplab.click\/en\/wp-json\/wp\/v2\/product"}],"about":[{"href":"https:\/\/casaconciencia.wplab.click\/en\/wp-json\/wp\/v2\/types\/product"}],"wp:featuredmedia":[{"embeddable":true,"href":"https:\/\/casaconciencia.wplab.click\/en\/wp-json\/wp\/v2\/media\/12400"}],"wp:attachment":[{"href":"https:\/\/casaconciencia.wplab.click\/en\/wp-json\/wp\/v2\/media?parent=12375"}],"wp:term":[{"taxonomy":"product_brand","embeddable":true,"href":"https:\/\/casaconciencia.wplab.click\/en\/wp-json\/wp\/v2\/product_brand?post=12375"},{"taxonomy":"product_cat","embeddable":true,"href":"https:\/\/casaconciencia.wplab.click\/en\/wp-json\/wp\/v2\/product_cat?post=12375"},{"taxonomy":"product_tag","embeddable":true,"href":"https:\/\/casaconciencia.wplab.click\/en\/wp-json\/wp\/v2\/product_tag?post=12375"}],"curies":[{"name":"wp","href":"https:\/\/api.w.org\/{rel}","templated":true}]}}