{"id":12372,"date":"2024-09-06T15:20:26","date_gmt":"2024-09-06T21:20:26","guid":{"rendered":"https:\/\/casaconciencia.wplab.click\/?post_type=product&#038;p=12372"},"modified":"2024-09-10T17:11:56","modified_gmt":"2024-09-10T23:11:56","slug":"mezcal-artesanal-madrecuishe","status":"publish","type":"product","link":"https:\/\/casaconciencia.wplab.click\/en\/product\/mezcal-artesanal-madrecuishe\/","title":{"rendered":"Mezcal Artesanal Madrecuishe"},"content":{"rendered":"<h6><span style=\"font-weight: 400;\">100% Agave karwinskii.<br \/>\n<\/span><span style=\"font-weight: 400;\">Fermentation in pine vats.<br \/>\n<\/span><span style=\"font-weight: 400;\">Distilled in copper pot stills.<br \/>\n<\/span><span style=\"font-weight: 400;\">Young Mezcal \/ White.<br \/>\n<\/span><span style=\"font-weight: 400;\">47\u00b0 Alc. Vol.<br \/>\n<\/span><span style=\"font-weight: 400;\">750, 700 y 200 ml<\/span><\/h6>","protected":false},"excerpt":{"rendered":"<h6 style=\"text-align: justify;\"><span style=\"font-weight: 400;\">Agave madreuishe is a species of agave used to make artisanal mezcal, known for its distinctive elongated shape and unique characteristics. <\/span><\/h6>\n<h6 style=\"text-align: justify;\"><span style=\"font-weight: 400;\">Its appearance is notably different from that of other agaves. This agave has a long maturation period, ranging from 13 to 15 years, which contributes to a complex and deep flavour profile in mezcal.\u00a0 <\/span><\/h6>\n<h6 style=\"text-align: justify;\"><span style=\"font-weight: 400;\">All this time allows it to develop a higher concentration of sugars and aromatic compounds, which are reflected in the final product, offering delicious and sophisticated notes in the mezcal.<\/span><\/h6>","protected":false},"featured_media":12399,"template":"","meta":{"_acf_changed":false},"product_brand":[],"product_cat":[43],"product_tag":[],"class_list":{"0":"post-12372","1":"product","2":"type-product","3":"status-publish","4":"has-post-thumbnail","6":"product_cat-sin-categorizar","8":"first","9":"instock","10":"shipping-taxable","11":"purchasable","12":"product-type-variable"},"acf":[],"yoast_head":"<!-- This site is optimized with the Yoast SEO plugin v24.0 - https:\/\/yoast.com\/wordpress\/plugins\/seo\/ -->\n<title>Mezcal Artesanal Madrecuishe - Casa Conciencia<\/title>\n<meta name=\"robots\" content=\"index, follow, max-snippet:-1, max-image-preview:large, max-video-preview:-1\" \/>\n<link rel=\"canonical\" href=\"https:\/\/casaconciencia.wplab.click\/en\/product\/mezcal-artesanal-madrecuishe\/\" \/>\n<meta property=\"og:locale\" content=\"en_US\" \/>\n<meta property=\"og:type\" content=\"article\" \/>\n<meta property=\"og:title\" content=\"Mezcal Artesanal Madrecuishe - Casa Conciencia\" \/>\n<meta property=\"og:description\" content=\"El agave madreuishe es una especie de agave que se utiliza para elaborar mezcal artesanal, conocido por su forma alargada distintiva y caracter\u00edsticas \u00fanicas.  Su apariencia es notablemente diferente a la de otros agaves. Este agave tiene un periodo de maduraci\u00f3n prolongado, que oscila entre los 13 y 15 a\u00f1os, lo que contribuye a un perfil de sabor complejo y profundo en el mezcal.\u00a0  Todo ese tiempo le permiten desarrollar una mayor concentraci\u00f3n de az\u00facares y compuestos arom\u00e1ticos, que se reflejan en el producto final, ofreciendo notas deliciosas y sofisticadas en el mezcal.\" \/>\n<meta property=\"og:url\" content=\"https:\/\/casaconciencia.wplab.click\/en\/product\/mezcal-artesanal-madrecuishe\/\" \/>\n<meta property=\"og:site_name\" content=\"Casa Conciencia\" \/>\n<meta property=\"article:modified_time\" content=\"2024-09-10T23:11:56+00:00\" \/>\n<meta property=\"og:image\" content=\"https:\/\/casaconciencia.wplab.click\/wp-content\/uploads\/2024\/09\/CC-Madrecuishe-3-768x1024.png\" \/>\n\t<meta property=\"og:image:width\" content=\"768\" \/>\n\t<meta property=\"og:image:height\" content=\"1024\" \/>\n\t<meta property=\"og:image:type\" content=\"image\/png\" \/>\n<meta name=\"twitter:card\" content=\"summary_large_image\" \/>\n<meta name=\"twitter:label1\" content=\"Est. reading time\" \/>\n\t<meta name=\"twitter:data1\" content=\"1 minute\" \/>\n<script type=\"application\/ld+json\" class=\"yoast-schema-graph\">{\"@context\":\"https:\/\/schema.org\",\"@graph\":[{\"@type\":\"WebPage\",\"@id\":\"https:\/\/casaconciencia.wplab.click\/producto\/mezcal-artesanal-madrecuishe\/\",\"url\":\"https:\/\/casaconciencia.wplab.click\/producto\/mezcal-artesanal-madrecuishe\/\",\"name\":\"Mezcal Artesanal Madrecuishe - Casa Conciencia\",\"isPartOf\":{\"@id\":\"https:\/\/casaconciencia.wplab.click\/#website\"},\"primaryImageOfPage\":{\"@id\":\"https:\/\/casaconciencia.wplab.click\/producto\/mezcal-artesanal-madrecuishe\/#primaryimage\"},\"image\":{\"@id\":\"https:\/\/casaconciencia.wplab.click\/producto\/mezcal-artesanal-madrecuishe\/#primaryimage\"},\"thumbnailUrl\":\"https:\/\/casaconciencia.wplab.click\/wp-content\/uploads\/2024\/09\/CC-Madrecuishe-3.png\",\"datePublished\":\"2024-09-06T21:20:26+00:00\",\"dateModified\":\"2024-09-10T23:11:56+00:00\",\"breadcrumb\":{\"@id\":\"https:\/\/casaconciencia.wplab.click\/producto\/mezcal-artesanal-madrecuishe\/#breadcrumb\"},\"inLanguage\":\"en-US\",\"potentialAction\":[{\"@type\":\"ReadAction\",\"target\":[\"https:\/\/casaconciencia.wplab.click\/producto\/mezcal-artesanal-madrecuishe\/\"]}]},{\"@type\":\"ImageObject\",\"inLanguage\":\"en-US\",\"@id\":\"https:\/\/casaconciencia.wplab.click\/producto\/mezcal-artesanal-madrecuishe\/#primaryimage\",\"url\":\"https:\/\/casaconciencia.wplab.click\/wp-content\/uploads\/2024\/09\/CC-Madrecuishe-3.png\",\"contentUrl\":\"https:\/\/casaconciencia.wplab.click\/wp-content\/uploads\/2024\/09\/CC-Madrecuishe-3.png\",\"width\":2905,\"height\":3873},{\"@type\":\"BreadcrumbList\",\"@id\":\"https:\/\/casaconciencia.wplab.click\/producto\/mezcal-artesanal-madrecuishe\/#breadcrumb\",\"itemListElement\":[{\"@type\":\"ListItem\",\"position\":1,\"name\":\"Inicio\",\"item\":\"https:\/\/casaconciencia.wplab.click\/\"},{\"@type\":\"ListItem\",\"position\":2,\"name\":\"Tienda\",\"item\":\"https:\/\/casaconciencia.wplab.click\/tienda\/\"},{\"@type\":\"ListItem\",\"position\":3,\"name\":\"Mezcal Artesanal Madrecuishe\"}]},{\"@type\":\"WebSite\",\"@id\":\"https:\/\/casaconciencia.wplab.click\/#website\",\"url\":\"https:\/\/casaconciencia.wplab.click\/\",\"name\":\"Casa Conciencia\",\"description\":\"Producci\u00f3n, envasado y venta de mezcal artesanal de Oaxaca.\",\"publisher\":{\"@id\":\"https:\/\/casaconciencia.wplab.click\/#organization\"},\"potentialAction\":[{\"@type\":\"SearchAction\",\"target\":{\"@type\":\"EntryPoint\",\"urlTemplate\":\"https:\/\/casaconciencia.wplab.click\/?s={search_term_string}\"},\"query-input\":{\"@type\":\"PropertyValueSpecification\",\"valueRequired\":true,\"valueName\":\"search_term_string\"}}],\"inLanguage\":\"en-US\"},{\"@type\":\"Organization\",\"@id\":\"https:\/\/casaconciencia.wplab.click\/#organization\",\"name\":\"Casa Conciencia\",\"url\":\"https:\/\/casaconciencia.wplab.click\/\",\"logo\":{\"@type\":\"ImageObject\",\"inLanguage\":\"en-US\",\"@id\":\"https:\/\/casaconciencia.wplab.click\/#\/schema\/logo\/image\/\",\"url\":\"https:\/\/casaconciencia.wplab.click\/wp-content\/uploads\/2024\/06\/FavIconCC.svg\",\"contentUrl\":\"https:\/\/casaconciencia.wplab.click\/wp-content\/uploads\/2024\/06\/FavIconCC.svg\",\"width\":295,\"height\":304,\"caption\":\"Casa Conciencia\"},\"image\":{\"@id\":\"https:\/\/casaconciencia.wplab.click\/#\/schema\/logo\/image\/\"}}]}<\/script>\n<!-- \/ Yoast SEO plugin. -->","yoast_head_json":{"title":"Mezcal Artesanal Madrecuishe - Casa Conciencia","robots":{"index":"index","follow":"follow","max-snippet":"max-snippet:-1","max-image-preview":"max-image-preview:large","max-video-preview":"max-video-preview:-1"},"canonical":"https:\/\/casaconciencia.wplab.click\/en\/product\/mezcal-artesanal-madrecuishe\/","og_locale":"en_US","og_type":"article","og_title":"Mezcal Artesanal Madrecuishe - Casa Conciencia","og_description":"El agave madreuishe es una especie de agave que se utiliza para elaborar mezcal artesanal, conocido por su forma alargada distintiva y caracter\u00edsticas \u00fanicas.  Su apariencia es notablemente diferente a la de otros agaves. Este agave tiene un periodo de maduraci\u00f3n prolongado, que oscila entre los 13 y 15 a\u00f1os, lo que contribuye a un perfil de sabor complejo y profundo en el mezcal.\u00a0  Todo ese tiempo le permiten desarrollar una mayor concentraci\u00f3n de az\u00facares y compuestos arom\u00e1ticos, que se reflejan en el producto final, ofreciendo notas deliciosas y sofisticadas en el mezcal.","og_url":"https:\/\/casaconciencia.wplab.click\/en\/product\/mezcal-artesanal-madrecuishe\/","og_site_name":"Casa Conciencia","article_modified_time":"2024-09-10T23:11:56+00:00","og_image":[{"width":768,"height":1024,"url":"https:\/\/casaconciencia.wplab.click\/wp-content\/uploads\/2024\/09\/CC-Madrecuishe-3-768x1024.png","type":"image\/png"}],"twitter_card":"summary_large_image","twitter_misc":{"Est. reading time":"1 minute"},"schema":{"@context":"https:\/\/schema.org","@graph":[{"@type":"WebPage","@id":"https:\/\/casaconciencia.wplab.click\/producto\/mezcal-artesanal-madrecuishe\/","url":"https:\/\/casaconciencia.wplab.click\/producto\/mezcal-artesanal-madrecuishe\/","name":"Mezcal Artesanal Madrecuishe - Casa Conciencia","isPartOf":{"@id":"https:\/\/casaconciencia.wplab.click\/#website"},"primaryImageOfPage":{"@id":"https:\/\/casaconciencia.wplab.click\/producto\/mezcal-artesanal-madrecuishe\/#primaryimage"},"image":{"@id":"https:\/\/casaconciencia.wplab.click\/producto\/mezcal-artesanal-madrecuishe\/#primaryimage"},"thumbnailUrl":"https:\/\/casaconciencia.wplab.click\/wp-content\/uploads\/2024\/09\/CC-Madrecuishe-3.png","datePublished":"2024-09-06T21:20:26+00:00","dateModified":"2024-09-10T23:11:56+00:00","breadcrumb":{"@id":"https:\/\/casaconciencia.wplab.click\/producto\/mezcal-artesanal-madrecuishe\/#breadcrumb"},"inLanguage":"en-US","potentialAction":[{"@type":"ReadAction","target":["https:\/\/casaconciencia.wplab.click\/producto\/mezcal-artesanal-madrecuishe\/"]}]},{"@type":"ImageObject","inLanguage":"en-US","@id":"https:\/\/casaconciencia.wplab.click\/producto\/mezcal-artesanal-madrecuishe\/#primaryimage","url":"https:\/\/casaconciencia.wplab.click\/wp-content\/uploads\/2024\/09\/CC-Madrecuishe-3.png","contentUrl":"https:\/\/casaconciencia.wplab.click\/wp-content\/uploads\/2024\/09\/CC-Madrecuishe-3.png","width":2905,"height":3873},{"@type":"BreadcrumbList","@id":"https:\/\/casaconciencia.wplab.click\/producto\/mezcal-artesanal-madrecuishe\/#breadcrumb","itemListElement":[{"@type":"ListItem","position":1,"name":"Inicio","item":"https:\/\/casaconciencia.wplab.click\/"},{"@type":"ListItem","position":2,"name":"Tienda","item":"https:\/\/casaconciencia.wplab.click\/tienda\/"},{"@type":"ListItem","position":3,"name":"Mezcal Artesanal Madrecuishe"}]},{"@type":"WebSite","@id":"https:\/\/casaconciencia.wplab.click\/#website","url":"https:\/\/casaconciencia.wplab.click\/","name":"Casa Conciencia","description":"Producci\u00f3n, envasado y venta de mezcal artesanal de Oaxaca.","publisher":{"@id":"https:\/\/casaconciencia.wplab.click\/#organization"},"potentialAction":[{"@type":"SearchAction","target":{"@type":"EntryPoint","urlTemplate":"https:\/\/casaconciencia.wplab.click\/?s={search_term_string}"},"query-input":{"@type":"PropertyValueSpecification","valueRequired":true,"valueName":"search_term_string"}}],"inLanguage":"en-US"},{"@type":"Organization","@id":"https:\/\/casaconciencia.wplab.click\/#organization","name":"Casa Conciencia","url":"https:\/\/casaconciencia.wplab.click\/","logo":{"@type":"ImageObject","inLanguage":"en-US","@id":"https:\/\/casaconciencia.wplab.click\/#\/schema\/logo\/image\/","url":"https:\/\/casaconciencia.wplab.click\/wp-content\/uploads\/2024\/06\/FavIconCC.svg","contentUrl":"https:\/\/casaconciencia.wplab.click\/wp-content\/uploads\/2024\/06\/FavIconCC.svg","width":295,"height":304,"caption":"Casa Conciencia"},"image":{"@id":"https:\/\/casaconciencia.wplab.click\/#\/schema\/logo\/image\/"}}]}},"_links":{"self":[{"href":"https:\/\/casaconciencia.wplab.click\/en\/wp-json\/wp\/v2\/product\/12372","targetHints":{"allow":["GET"]}}],"collection":[{"href":"https:\/\/casaconciencia.wplab.click\/en\/wp-json\/wp\/v2\/product"}],"about":[{"href":"https:\/\/casaconciencia.wplab.click\/en\/wp-json\/wp\/v2\/types\/product"}],"wp:featuredmedia":[{"embeddable":true,"href":"https:\/\/casaconciencia.wplab.click\/en\/wp-json\/wp\/v2\/media\/12399"}],"wp:attachment":[{"href":"https:\/\/casaconciencia.wplab.click\/en\/wp-json\/wp\/v2\/media?parent=12372"}],"wp:term":[{"taxonomy":"product_brand","embeddable":true,"href":"https:\/\/casaconciencia.wplab.click\/en\/wp-json\/wp\/v2\/product_brand?post=12372"},{"taxonomy":"product_cat","embeddable":true,"href":"https:\/\/casaconciencia.wplab.click\/en\/wp-json\/wp\/v2\/product_cat?post=12372"},{"taxonomy":"product_tag","embeddable":true,"href":"https:\/\/casaconciencia.wplab.click\/en\/wp-json\/wp\/v2\/product_tag?post=12372"}],"curies":[{"name":"wp","href":"https:\/\/api.w.org\/{rel}","templated":true}]}}