{"id":12368,"date":"2024-09-06T15:05:03","date_gmt":"2024-09-06T21:05:03","guid":{"rendered":"https:\/\/casaconciencia.wplab.click\/?post_type=product&#038;p=12368"},"modified":"2024-12-06T17:09:27","modified_gmt":"2024-12-06T23:09:27","slug":"mezcal-artesanal-tepeztate","status":"publish","type":"product","link":"https:\/\/casaconciencia.wplab.click\/en\/product\/mezcal-artesanal-tepeztate\/","title":{"rendered":"Tepeztate Artisanal Mezcal"},"content":{"rendered":"<h6><span style=\"font-weight: 400;\">100% Agave Marmorata, Roez.<br \/>\n<\/span><span style=\"font-weight: 400;\">Fermentation in pine vats.<br \/>\n<\/span><span style=\"font-weight: 400;\">Distilled in copper pot stills.<br \/>\n<\/span><span style=\"font-weight: 400;\">Young Mezcal \/ White.<br \/>\n<\/span><span style=\"font-weight: 400;\">47\u00b0 Alc. Vol.<br \/>\n<\/span><span style=\"font-weight: 400;\">750, 700 y 200 ml<\/span><\/h6>\n<table>\n<tbody>\n<tr>\n<td><span style=\"font-weight: 400;\">View\u00a0<\/span><\/td>\n<td><span style=\"font-weight: 400;\">Smell\u00a0<\/span><\/td>\n<td><span style=\"font-weight: 400;\">Flavour\u00a0<\/span><\/td>\n<\/tr>\n<tr>\n<td><span style=\"font-weight: 400;\">Golden colour\u00a0<\/span><span style=\"font-weight: 400;\">Light legs\u00a0<\/span><\/td>\n<td><span style=\"font-weight: 400;\">Vanilla\u00a0<\/span><span style=\"font-weight: 400;\">Caramel\u00a0<\/span><\/p>\n<p><span style=\"font-weight: 400;\">Sweet notes\u00a0<\/span><\/p>\n<p><span style=\"font-weight: 400;\">Almond\u00a0<\/span><\/p>\n<p><span style=\"font-weight: 400;\">Wood\u00a0<\/span><\/p>\n<p><span style=\"font-weight: 400;\">Rompope\u00a0<\/span><\/p>\n<p><span style=\"font-weight: 400;\">Coffee\u00a0<\/span><\/td>\n<td><span style=\"font-weight: 400;\">Coffee\u00a0<\/span><span style=\"font-weight: 400;\">Ripe banana\u00a0<\/span><\/p>\n<p><span style=\"font-weight: 400;\">Vanilla\u00a0<\/span><\/p>\n<p><span style=\"font-weight: 400;\">Almond\u00a0<\/span><\/p>\n<p><span style=\"font-weight: 400;\">Woody notes\u00a0<\/span><\/p>\n<p><span style=\"font-weight: 400;\">Aftertaste: creamy, sweet and long lasting.\u00a0<\/span><\/p>\n<p><span style=\"font-weight: 400;\">We define it as a \u2018subtle and elegant\u2019 mezcal. <\/span><i><span style=\"font-weight: 400;\">subtle and elegant\u2019 mezcal\u00a0<\/span><\/i><\/td>\n<\/tr>\n<\/tbody>\n<\/table>","protected":false},"excerpt":{"rendered":"<h6 style=\"text-align: justify;\"><span style=\"font-weight: 400;\">Agave tepeztate is a highly prized variety for the production of artisanal mezcal, known for its distinctive flavour. <\/span><\/h6>\n<h6 style=\"text-align: justify;\"><span style=\"font-weight: 400;\">This maguey is unique due to its long maturation cycle, which can take between 18 and 25 years, allowing it to develop a complexity of flavours that are fully expressed in the mezcal. <\/span><\/h6>\n<h6 style=\"text-align: justify;\">The elaboration process is completely free of chemicals and additives, preserving the purity of the agave and guaranteeing an authentic mezcal.<\/h6>","protected":false},"featured_media":12401,"template":"","meta":{"_acf_changed":false},"product_brand":[],"product_cat":[43],"product_tag":[],"class_list":{"0":"post-12368","1":"product","2":"type-product","3":"status-publish","4":"has-post-thumbnail","6":"product_cat-sin-categorizar","8":"first","9":"instock","10":"shipping-taxable","11":"purchasable","12":"product-type-variable"},"acf":[],"yoast_head":"<!-- This site is optimized with the Yoast SEO plugin v24.0 - https:\/\/yoast.com\/wordpress\/plugins\/seo\/ -->\n<title>Mezcal Artesanal Tepeztate - Casa Conciencia<\/title>\n<meta name=\"robots\" content=\"index, follow, max-snippet:-1, max-image-preview:large, max-video-preview:-1\" \/>\n<link rel=\"canonical\" href=\"https:\/\/casaconciencia.wplab.click\/en\/product\/mezcal-artesanal-tepeztate\/\" \/>\n<meta property=\"og:locale\" content=\"en_US\" \/>\n<meta property=\"og:type\" content=\"article\" \/>\n<meta property=\"og:title\" content=\"Mezcal Artesanal Tepeztate - Casa Conciencia\" \/>\n<meta property=\"og:description\" content=\"El agave tepeztate es una variedad muy apreciada para la elaboraci\u00f3n de mezcal artesanal, conocido por su sabor distintivo.  Este maguey es \u00fanico debido a su largo ciclo de maduraci\u00f3n, que puede tomar entre 18 y 25 a\u00f1os, lo que permite que desarrolle una complejidad de sabores que se expresan plenamente en el mezcal.  El proceso de elaboraci\u00f3n es completamente libre de qu\u00edmicos y aditivos, preservando la pureza del agave y garantizando un mezcal aut\u00e9ntico.\" \/>\n<meta property=\"og:url\" content=\"https:\/\/casaconciencia.wplab.click\/en\/product\/mezcal-artesanal-tepeztate\/\" \/>\n<meta property=\"og:site_name\" content=\"Casa Conciencia\" \/>\n<meta property=\"article:modified_time\" content=\"2024-12-06T23:09:27+00:00\" \/>\n<meta property=\"og:image\" content=\"https:\/\/casaconciencia.wplab.click\/wp-content\/uploads\/2024\/09\/CC-Tepeztate-1-768x1024.png\" \/>\n\t<meta property=\"og:image:width\" content=\"768\" \/>\n\t<meta property=\"og:image:height\" content=\"1024\" \/>\n\t<meta property=\"og:image:type\" content=\"image\/png\" \/>\n<meta name=\"twitter:card\" content=\"summary_large_image\" \/>\n<meta name=\"twitter:label1\" content=\"Est. reading time\" \/>\n\t<meta name=\"twitter:data1\" content=\"1 minute\" \/>\n<script type=\"application\/ld+json\" class=\"yoast-schema-graph\">{\"@context\":\"https:\/\/schema.org\",\"@graph\":[{\"@type\":\"WebPage\",\"@id\":\"https:\/\/casaconciencia.wplab.click\/producto\/mezcal-artesanal-tepeztate\/\",\"url\":\"https:\/\/casaconciencia.wplab.click\/producto\/mezcal-artesanal-tepeztate\/\",\"name\":\"Mezcal Artesanal Tepeztate - Casa Conciencia\",\"isPartOf\":{\"@id\":\"https:\/\/casaconciencia.wplab.click\/#website\"},\"primaryImageOfPage\":{\"@id\":\"https:\/\/casaconciencia.wplab.click\/producto\/mezcal-artesanal-tepeztate\/#primaryimage\"},\"image\":{\"@id\":\"https:\/\/casaconciencia.wplab.click\/producto\/mezcal-artesanal-tepeztate\/#primaryimage\"},\"thumbnailUrl\":\"https:\/\/casaconciencia.wplab.click\/wp-content\/uploads\/2024\/09\/CC-Tepeztate-1.png\",\"datePublished\":\"2024-09-06T21:05:03+00:00\",\"dateModified\":\"2024-12-06T23:09:27+00:00\",\"breadcrumb\":{\"@id\":\"https:\/\/casaconciencia.wplab.click\/producto\/mezcal-artesanal-tepeztate\/#breadcrumb\"},\"inLanguage\":\"en-US\",\"potentialAction\":[{\"@type\":\"ReadAction\",\"target\":[\"https:\/\/casaconciencia.wplab.click\/producto\/mezcal-artesanal-tepeztate\/\"]}]},{\"@type\":\"ImageObject\",\"inLanguage\":\"en-US\",\"@id\":\"https:\/\/casaconciencia.wplab.click\/producto\/mezcal-artesanal-tepeztate\/#primaryimage\",\"url\":\"https:\/\/casaconciencia.wplab.click\/wp-content\/uploads\/2024\/09\/CC-Tepeztate-1.png\",\"contentUrl\":\"https:\/\/casaconciencia.wplab.click\/wp-content\/uploads\/2024\/09\/CC-Tepeztate-1.png\",\"width\":2905,\"height\":3873},{\"@type\":\"BreadcrumbList\",\"@id\":\"https:\/\/casaconciencia.wplab.click\/producto\/mezcal-artesanal-tepeztate\/#breadcrumb\",\"itemListElement\":[{\"@type\":\"ListItem\",\"position\":1,\"name\":\"Inicio\",\"item\":\"https:\/\/casaconciencia.wplab.click\/\"},{\"@type\":\"ListItem\",\"position\":2,\"name\":\"Tienda\",\"item\":\"https:\/\/casaconciencia.wplab.click\/tienda\/\"},{\"@type\":\"ListItem\",\"position\":3,\"name\":\"Mezcal Artesanal Tepeztate\"}]},{\"@type\":\"WebSite\",\"@id\":\"https:\/\/casaconciencia.wplab.click\/#website\",\"url\":\"https:\/\/casaconciencia.wplab.click\/\",\"name\":\"Casa Conciencia\",\"description\":\"Producci\u00f3n, envasado y venta de mezcal artesanal de Oaxaca.\",\"publisher\":{\"@id\":\"https:\/\/casaconciencia.wplab.click\/#organization\"},\"potentialAction\":[{\"@type\":\"SearchAction\",\"target\":{\"@type\":\"EntryPoint\",\"urlTemplate\":\"https:\/\/casaconciencia.wplab.click\/?s={search_term_string}\"},\"query-input\":{\"@type\":\"PropertyValueSpecification\",\"valueRequired\":true,\"valueName\":\"search_term_string\"}}],\"inLanguage\":\"en-US\"},{\"@type\":\"Organization\",\"@id\":\"https:\/\/casaconciencia.wplab.click\/#organization\",\"name\":\"Casa Conciencia\",\"url\":\"https:\/\/casaconciencia.wplab.click\/\",\"logo\":{\"@type\":\"ImageObject\",\"inLanguage\":\"en-US\",\"@id\":\"https:\/\/casaconciencia.wplab.click\/#\/schema\/logo\/image\/\",\"url\":\"https:\/\/casaconciencia.wplab.click\/wp-content\/uploads\/2024\/06\/FavIconCC.svg\",\"contentUrl\":\"https:\/\/casaconciencia.wplab.click\/wp-content\/uploads\/2024\/06\/FavIconCC.svg\",\"width\":295,\"height\":304,\"caption\":\"Casa Conciencia\"},\"image\":{\"@id\":\"https:\/\/casaconciencia.wplab.click\/#\/schema\/logo\/image\/\"}}]}<\/script>\n<!-- \/ Yoast SEO plugin. -->","yoast_head_json":{"title":"Mezcal Artesanal Tepeztate - Casa Conciencia","robots":{"index":"index","follow":"follow","max-snippet":"max-snippet:-1","max-image-preview":"max-image-preview:large","max-video-preview":"max-video-preview:-1"},"canonical":"https:\/\/casaconciencia.wplab.click\/en\/product\/mezcal-artesanal-tepeztate\/","og_locale":"en_US","og_type":"article","og_title":"Mezcal Artesanal Tepeztate - Casa Conciencia","og_description":"El agave tepeztate es una variedad muy apreciada para la elaboraci\u00f3n de mezcal artesanal, conocido por su sabor distintivo.  Este maguey es \u00fanico debido a su largo ciclo de maduraci\u00f3n, que puede tomar entre 18 y 25 a\u00f1os, lo que permite que desarrolle una complejidad de sabores que se expresan plenamente en el mezcal.  El proceso de elaboraci\u00f3n es completamente libre de qu\u00edmicos y aditivos, preservando la pureza del agave y garantizando un mezcal aut\u00e9ntico.","og_url":"https:\/\/casaconciencia.wplab.click\/en\/product\/mezcal-artesanal-tepeztate\/","og_site_name":"Casa Conciencia","article_modified_time":"2024-12-06T23:09:27+00:00","og_image":[{"width":768,"height":1024,"url":"https:\/\/casaconciencia.wplab.click\/wp-content\/uploads\/2024\/09\/CC-Tepeztate-1-768x1024.png","type":"image\/png"}],"twitter_card":"summary_large_image","twitter_misc":{"Est. reading time":"1 minute"},"schema":{"@context":"https:\/\/schema.org","@graph":[{"@type":"WebPage","@id":"https:\/\/casaconciencia.wplab.click\/producto\/mezcal-artesanal-tepeztate\/","url":"https:\/\/casaconciencia.wplab.click\/producto\/mezcal-artesanal-tepeztate\/","name":"Mezcal Artesanal Tepeztate - Casa Conciencia","isPartOf":{"@id":"https:\/\/casaconciencia.wplab.click\/#website"},"primaryImageOfPage":{"@id":"https:\/\/casaconciencia.wplab.click\/producto\/mezcal-artesanal-tepeztate\/#primaryimage"},"image":{"@id":"https:\/\/casaconciencia.wplab.click\/producto\/mezcal-artesanal-tepeztate\/#primaryimage"},"thumbnailUrl":"https:\/\/casaconciencia.wplab.click\/wp-content\/uploads\/2024\/09\/CC-Tepeztate-1.png","datePublished":"2024-09-06T21:05:03+00:00","dateModified":"2024-12-06T23:09:27+00:00","breadcrumb":{"@id":"https:\/\/casaconciencia.wplab.click\/producto\/mezcal-artesanal-tepeztate\/#breadcrumb"},"inLanguage":"en-US","potentialAction":[{"@type":"ReadAction","target":["https:\/\/casaconciencia.wplab.click\/producto\/mezcal-artesanal-tepeztate\/"]}]},{"@type":"ImageObject","inLanguage":"en-US","@id":"https:\/\/casaconciencia.wplab.click\/producto\/mezcal-artesanal-tepeztate\/#primaryimage","url":"https:\/\/casaconciencia.wplab.click\/wp-content\/uploads\/2024\/09\/CC-Tepeztate-1.png","contentUrl":"https:\/\/casaconciencia.wplab.click\/wp-content\/uploads\/2024\/09\/CC-Tepeztate-1.png","width":2905,"height":3873},{"@type":"BreadcrumbList","@id":"https:\/\/casaconciencia.wplab.click\/producto\/mezcal-artesanal-tepeztate\/#breadcrumb","itemListElement":[{"@type":"ListItem","position":1,"name":"Inicio","item":"https:\/\/casaconciencia.wplab.click\/"},{"@type":"ListItem","position":2,"name":"Tienda","item":"https:\/\/casaconciencia.wplab.click\/tienda\/"},{"@type":"ListItem","position":3,"name":"Mezcal Artesanal Tepeztate"}]},{"@type":"WebSite","@id":"https:\/\/casaconciencia.wplab.click\/#website","url":"https:\/\/casaconciencia.wplab.click\/","name":"Casa Conciencia","description":"Producci\u00f3n, envasado y venta de mezcal artesanal de Oaxaca.","publisher":{"@id":"https:\/\/casaconciencia.wplab.click\/#organization"},"potentialAction":[{"@type":"SearchAction","target":{"@type":"EntryPoint","urlTemplate":"https:\/\/casaconciencia.wplab.click\/?s={search_term_string}"},"query-input":{"@type":"PropertyValueSpecification","valueRequired":true,"valueName":"search_term_string"}}],"inLanguage":"en-US"},{"@type":"Organization","@id":"https:\/\/casaconciencia.wplab.click\/#organization","name":"Casa Conciencia","url":"https:\/\/casaconciencia.wplab.click\/","logo":{"@type":"ImageObject","inLanguage":"en-US","@id":"https:\/\/casaconciencia.wplab.click\/#\/schema\/logo\/image\/","url":"https:\/\/casaconciencia.wplab.click\/wp-content\/uploads\/2024\/06\/FavIconCC.svg","contentUrl":"https:\/\/casaconciencia.wplab.click\/wp-content\/uploads\/2024\/06\/FavIconCC.svg","width":295,"height":304,"caption":"Casa Conciencia"},"image":{"@id":"https:\/\/casaconciencia.wplab.click\/#\/schema\/logo\/image\/"}}]}},"_links":{"self":[{"href":"https:\/\/casaconciencia.wplab.click\/en\/wp-json\/wp\/v2\/product\/12368","targetHints":{"allow":["GET"]}}],"collection":[{"href":"https:\/\/casaconciencia.wplab.click\/en\/wp-json\/wp\/v2\/product"}],"about":[{"href":"https:\/\/casaconciencia.wplab.click\/en\/wp-json\/wp\/v2\/types\/product"}],"wp:featuredmedia":[{"embeddable":true,"href":"https:\/\/casaconciencia.wplab.click\/en\/wp-json\/wp\/v2\/media\/12401"}],"wp:attachment":[{"href":"https:\/\/casaconciencia.wplab.click\/en\/wp-json\/wp\/v2\/media?parent=12368"}],"wp:term":[{"taxonomy":"product_brand","embeddable":true,"href":"https:\/\/casaconciencia.wplab.click\/en\/wp-json\/wp\/v2\/product_brand?post=12368"},{"taxonomy":"product_cat","embeddable":true,"href":"https:\/\/casaconciencia.wplab.click\/en\/wp-json\/wp\/v2\/product_cat?post=12368"},{"taxonomy":"product_tag","embeddable":true,"href":"https:\/\/casaconciencia.wplab.click\/en\/wp-json\/wp\/v2\/product_tag?post=12368"}],"curies":[{"name":"wp","href":"https:\/\/api.w.org\/{rel}","templated":true}]}}