{"id":12365,"date":"2024-09-06T15:04:12","date_gmt":"2024-09-06T21:04:12","guid":{"rendered":"https:\/\/casaconciencia.wplab.click\/?post_type=product&#038;p=12365"},"modified":"2024-10-13T22:54:10","modified_gmt":"2024-10-14T04:54:10","slug":"mezcal-artesanal-espadin-anejo","status":"publish","type":"product","link":"https:\/\/casaconciencia.wplab.click\/en\/product\/mezcal-artesanal-espadin-anejo\/","title":{"rendered":"Mezcal Artesanal Espad\u00edn A\u00f1ejo"},"content":{"rendered":"<ul>\n<li><span style=\"font-weight: 400;\">100% Agave Angustifolia Haw.<br \/>\n<\/span><span style=\"font-weight: 400;\">Fermentation in pine vats.<br \/>\n<\/span><span style=\"font-weight: 400;\">Distilled in copper pot stills.<br \/>\n<\/span><span style=\"font-weight: 400;\">Aged 12 months in American oak barrels.<br \/>\n<\/span><span style=\"font-weight: 400;\">45\u00b0 Alc. Vol.<br \/>\n<\/span><span style=\"font-weight: 400;\">750, 700 y 200 ml<\/span><\/li>\n<\/ul>\n<p>&nbsp;<\/p>\n<table>\n<tbody>\n<tr>\n<td><span style=\"font-weight: 400;\">View\u00a0<\/span><\/td>\n<td><span style=\"font-weight: 400;\">Smell\u00a0<\/span><\/td>\n<td><span style=\"font-weight: 400;\">Flavour\u00a0<\/span><\/td>\n<\/tr>\n<tr>\n<td><span style=\"font-weight: 400;\">Golden colour\u00a0<\/span><span style=\"font-weight: 400;\">Light legs\u00a0<\/span><\/td>\n<td><span style=\"font-weight: 400;\">Vanilla\u00a0<\/span><span style=\"font-weight: 400;\">Caramel\u00a0<\/span><\/p>\n<p><span style=\"font-weight: 400;\">Sweet notes\u00a0<\/span><\/p>\n<p><span style=\"font-weight: 400;\">Almond\u00a0<\/span><\/p>\n<p><span style=\"font-weight: 400;\">Wood\u00a0<\/span><\/p>\n<p><span style=\"font-weight: 400;\">Rompope\u00a0<\/span><\/p>\n<p><span style=\"font-weight: 400;\">Coffee\u00a0<\/span><\/td>\n<td><span style=\"font-weight: 400;\">Coffee\u00a0<\/span><span style=\"font-weight: 400;\">Ripe banana\u00a0<\/span><\/p>\n<p><span style=\"font-weight: 400;\">Vanilla\u00a0<\/span><\/p>\n<p><span style=\"font-weight: 400;\">Almond\u00a0<\/span><\/p>\n<p><span style=\"font-weight: 400;\">Woody notes\u00a0<\/span><\/p>\n<p><span style=\"font-weight: 400;\">Aftertaste: creamy, sweet and long lasting.\u00a0<\/span><\/p>\n<p><span style=\"font-weight: 400;\">We define it as a \u2018subtle and elegant\u2019 mezcal. <\/span><i><span style=\"font-weight: 400;\">subtle and elegant\u2019 mezcal\u00a0<\/span><\/i><\/td>\n<\/tr>\n<\/tbody>\n<\/table>","protected":false},"excerpt":{"rendered":"<h6 style=\"text-align: justify;\"><span style=\"font-weight: 400;\">El agave espad\u00edn utilizado para la elaboraci\u00f3n de este mezcal artesanal, ha sido cuidadosamente a\u00f1ejado en barricas de roble americano durante 12 meses. <\/span><\/h6>\n<h6 style=\"text-align: justify;\"><span style=\"font-weight: 400;\">Este proceso le otorga al mezcal un color dorado y desarrolla notas intensas y complejas, que enriquecen su perfil de sabor. <\/span><\/h6>\n<h6 style=\"text-align: justify;\"><span style=\"font-weight: 400;\">El resultado es un mezcal refinado y arom\u00e1tico, que combina la pureza del agave con las suaves influencias del roble, ofreciendo una experiencia de degustaci\u00f3n sutil y elegante.<\/span><\/h6>","protected":false},"featured_media":13395,"template":"","meta":{"_acf_changed":false},"product_brand":[],"product_cat":[43],"product_tag":[],"class_list":{"0":"post-12365","1":"product","2":"type-product","3":"status-publish","4":"has-post-thumbnail","6":"product_cat-sin-categorizar","8":"first","9":"instock","10":"shipping-taxable","11":"purchasable","12":"product-type-variable"},"acf":[],"yoast_head":"<!-- This site is optimized with the Yoast SEO plugin v24.0 - https:\/\/yoast.com\/wordpress\/plugins\/seo\/ -->\n<title>Mezcal Artesanal Espad\u00edn A\u00f1ejo - Casa Conciencia<\/title>\n<meta name=\"robots\" content=\"index, follow, max-snippet:-1, max-image-preview:large, max-video-preview:-1\" \/>\n<link rel=\"canonical\" href=\"https:\/\/casaconciencia.wplab.click\/en\/product\/mezcal-artesanal-espadin-anejo\/\" \/>\n<meta property=\"og:locale\" content=\"en_US\" \/>\n<meta property=\"og:type\" content=\"article\" \/>\n<meta property=\"og:title\" content=\"Mezcal Artesanal Espad\u00edn A\u00f1ejo - Casa Conciencia\" \/>\n<meta property=\"og:description\" content=\"El agave espad\u00edn utilizado para la elaboraci\u00f3n de este mezcal artesanal, ha sido cuidadosamente a\u00f1ejado en barricas de roble americano durante 12 meses.  Este proceso le otorga al mezcal un color dorado y desarrolla notas intensas y complejas, que enriquecen su perfil de sabor.  El resultado es un mezcal refinado y arom\u00e1tico, que combina la pureza del agave con las suaves influencias del roble, ofreciendo una experiencia de degustaci\u00f3n sutil y elegante.\" \/>\n<meta property=\"og:url\" content=\"https:\/\/casaconciencia.wplab.click\/en\/product\/mezcal-artesanal-espadin-anejo\/\" \/>\n<meta property=\"og:site_name\" content=\"Casa Conciencia\" \/>\n<meta property=\"article:modified_time\" content=\"2024-10-14T04:54:10+00:00\" \/>\n<meta property=\"og:image\" content=\"https:\/\/casaconciencia.wplab.click\/wp-content\/uploads\/2024\/09\/MezcalEspadinAnejo-1.png\" \/>\n\t<meta property=\"og:image:width\" content=\"2905\" \/>\n\t<meta property=\"og:image:height\" content=\"3873\" \/>\n\t<meta property=\"og:image:type\" content=\"image\/png\" \/>\n<meta name=\"twitter:card\" content=\"summary_large_image\" \/>\n<meta name=\"twitter:label1\" content=\"Est. reading time\" \/>\n\t<meta name=\"twitter:data1\" content=\"1 minute\" \/>\n<script type=\"application\/ld+json\" class=\"yoast-schema-graph\">{\"@context\":\"https:\/\/schema.org\",\"@graph\":[{\"@type\":\"WebPage\",\"@id\":\"https:\/\/casaconciencia.wplab.click\/producto\/mezcal-artesanal-espadin-anejo\/\",\"url\":\"https:\/\/casaconciencia.wplab.click\/producto\/mezcal-artesanal-espadin-anejo\/\",\"name\":\"Mezcal Artesanal Espad\u00edn A\u00f1ejo - Casa Conciencia\",\"isPartOf\":{\"@id\":\"https:\/\/casaconciencia.wplab.click\/#website\"},\"primaryImageOfPage\":{\"@id\":\"https:\/\/casaconciencia.wplab.click\/producto\/mezcal-artesanal-espadin-anejo\/#primaryimage\"},\"image\":{\"@id\":\"https:\/\/casaconciencia.wplab.click\/producto\/mezcal-artesanal-espadin-anejo\/#primaryimage\"},\"thumbnailUrl\":\"https:\/\/casaconciencia.wplab.click\/wp-content\/uploads\/2024\/09\/MezcalEspadinAnejo-1.png\",\"datePublished\":\"2024-09-06T21:04:12+00:00\",\"dateModified\":\"2024-10-14T04:54:10+00:00\",\"breadcrumb\":{\"@id\":\"https:\/\/casaconciencia.wplab.click\/producto\/mezcal-artesanal-espadin-anejo\/#breadcrumb\"},\"inLanguage\":\"en-US\",\"potentialAction\":[{\"@type\":\"ReadAction\",\"target\":[\"https:\/\/casaconciencia.wplab.click\/producto\/mezcal-artesanal-espadin-anejo\/\"]}]},{\"@type\":\"ImageObject\",\"inLanguage\":\"en-US\",\"@id\":\"https:\/\/casaconciencia.wplab.click\/producto\/mezcal-artesanal-espadin-anejo\/#primaryimage\",\"url\":\"https:\/\/casaconciencia.wplab.click\/wp-content\/uploads\/2024\/09\/MezcalEspadinAnejo-1.png\",\"contentUrl\":\"https:\/\/casaconciencia.wplab.click\/wp-content\/uploads\/2024\/09\/MezcalEspadinAnejo-1.png\",\"width\":2905,\"height\":3873},{\"@type\":\"BreadcrumbList\",\"@id\":\"https:\/\/casaconciencia.wplab.click\/producto\/mezcal-artesanal-espadin-anejo\/#breadcrumb\",\"itemListElement\":[{\"@type\":\"ListItem\",\"position\":1,\"name\":\"Inicio\",\"item\":\"https:\/\/casaconciencia.wplab.click\/\"},{\"@type\":\"ListItem\",\"position\":2,\"name\":\"Tienda\",\"item\":\"https:\/\/casaconciencia.wplab.click\/tienda\/\"},{\"@type\":\"ListItem\",\"position\":3,\"name\":\"Mezcal Artesanal Espad\u00edn A\u00f1ejo\"}]},{\"@type\":\"WebSite\",\"@id\":\"https:\/\/casaconciencia.wplab.click\/#website\",\"url\":\"https:\/\/casaconciencia.wplab.click\/\",\"name\":\"Casa Conciencia\",\"description\":\"Producci\u00f3n, envasado y venta de mezcal artesanal de Oaxaca.\",\"publisher\":{\"@id\":\"https:\/\/casaconciencia.wplab.click\/#organization\"},\"potentialAction\":[{\"@type\":\"SearchAction\",\"target\":{\"@type\":\"EntryPoint\",\"urlTemplate\":\"https:\/\/casaconciencia.wplab.click\/?s={search_term_string}\"},\"query-input\":{\"@type\":\"PropertyValueSpecification\",\"valueRequired\":true,\"valueName\":\"search_term_string\"}}],\"inLanguage\":\"en-US\"},{\"@type\":\"Organization\",\"@id\":\"https:\/\/casaconciencia.wplab.click\/#organization\",\"name\":\"Casa Conciencia\",\"url\":\"https:\/\/casaconciencia.wplab.click\/\",\"logo\":{\"@type\":\"ImageObject\",\"inLanguage\":\"en-US\",\"@id\":\"https:\/\/casaconciencia.wplab.click\/#\/schema\/logo\/image\/\",\"url\":\"https:\/\/casaconciencia.wplab.click\/wp-content\/uploads\/2024\/06\/FavIconCC.svg\",\"contentUrl\":\"https:\/\/casaconciencia.wplab.click\/wp-content\/uploads\/2024\/06\/FavIconCC.svg\",\"width\":295,\"height\":304,\"caption\":\"Casa Conciencia\"},\"image\":{\"@id\":\"https:\/\/casaconciencia.wplab.click\/#\/schema\/logo\/image\/\"}}]}<\/script>\n<!-- \/ Yoast SEO plugin. -->","yoast_head_json":{"title":"Mezcal Artesanal Espad\u00edn A\u00f1ejo - Casa Conciencia","robots":{"index":"index","follow":"follow","max-snippet":"max-snippet:-1","max-image-preview":"max-image-preview:large","max-video-preview":"max-video-preview:-1"},"canonical":"https:\/\/casaconciencia.wplab.click\/en\/product\/mezcal-artesanal-espadin-anejo\/","og_locale":"en_US","og_type":"article","og_title":"Mezcal Artesanal Espad\u00edn A\u00f1ejo - Casa Conciencia","og_description":"El agave espad\u00edn utilizado para la elaboraci\u00f3n de este mezcal artesanal, ha sido cuidadosamente a\u00f1ejado en barricas de roble americano durante 12 meses.  Este proceso le otorga al mezcal un color dorado y desarrolla notas intensas y complejas, que enriquecen su perfil de sabor.  El resultado es un mezcal refinado y arom\u00e1tico, que combina la pureza del agave con las suaves influencias del roble, ofreciendo una experiencia de degustaci\u00f3n sutil y elegante.","og_url":"https:\/\/casaconciencia.wplab.click\/en\/product\/mezcal-artesanal-espadin-anejo\/","og_site_name":"Casa Conciencia","article_modified_time":"2024-10-14T04:54:10+00:00","og_image":[{"width":2905,"height":3873,"url":"https:\/\/casaconciencia.wplab.click\/wp-content\/uploads\/2024\/09\/MezcalEspadinAnejo-1.png","type":"image\/png"}],"twitter_card":"summary_large_image","twitter_misc":{"Est. reading time":"1 minute"},"schema":{"@context":"https:\/\/schema.org","@graph":[{"@type":"WebPage","@id":"https:\/\/casaconciencia.wplab.click\/producto\/mezcal-artesanal-espadin-anejo\/","url":"https:\/\/casaconciencia.wplab.click\/producto\/mezcal-artesanal-espadin-anejo\/","name":"Mezcal Artesanal Espad\u00edn A\u00f1ejo - Casa Conciencia","isPartOf":{"@id":"https:\/\/casaconciencia.wplab.click\/#website"},"primaryImageOfPage":{"@id":"https:\/\/casaconciencia.wplab.click\/producto\/mezcal-artesanal-espadin-anejo\/#primaryimage"},"image":{"@id":"https:\/\/casaconciencia.wplab.click\/producto\/mezcal-artesanal-espadin-anejo\/#primaryimage"},"thumbnailUrl":"https:\/\/casaconciencia.wplab.click\/wp-content\/uploads\/2024\/09\/MezcalEspadinAnejo-1.png","datePublished":"2024-09-06T21:04:12+00:00","dateModified":"2024-10-14T04:54:10+00:00","breadcrumb":{"@id":"https:\/\/casaconciencia.wplab.click\/producto\/mezcal-artesanal-espadin-anejo\/#breadcrumb"},"inLanguage":"en-US","potentialAction":[{"@type":"ReadAction","target":["https:\/\/casaconciencia.wplab.click\/producto\/mezcal-artesanal-espadin-anejo\/"]}]},{"@type":"ImageObject","inLanguage":"en-US","@id":"https:\/\/casaconciencia.wplab.click\/producto\/mezcal-artesanal-espadin-anejo\/#primaryimage","url":"https:\/\/casaconciencia.wplab.click\/wp-content\/uploads\/2024\/09\/MezcalEspadinAnejo-1.png","contentUrl":"https:\/\/casaconciencia.wplab.click\/wp-content\/uploads\/2024\/09\/MezcalEspadinAnejo-1.png","width":2905,"height":3873},{"@type":"BreadcrumbList","@id":"https:\/\/casaconciencia.wplab.click\/producto\/mezcal-artesanal-espadin-anejo\/#breadcrumb","itemListElement":[{"@type":"ListItem","position":1,"name":"Inicio","item":"https:\/\/casaconciencia.wplab.click\/"},{"@type":"ListItem","position":2,"name":"Tienda","item":"https:\/\/casaconciencia.wplab.click\/tienda\/"},{"@type":"ListItem","position":3,"name":"Mezcal Artesanal Espad\u00edn A\u00f1ejo"}]},{"@type":"WebSite","@id":"https:\/\/casaconciencia.wplab.click\/#website","url":"https:\/\/casaconciencia.wplab.click\/","name":"Casa Conciencia","description":"Producci\u00f3n, envasado y venta de mezcal artesanal de Oaxaca.","publisher":{"@id":"https:\/\/casaconciencia.wplab.click\/#organization"},"potentialAction":[{"@type":"SearchAction","target":{"@type":"EntryPoint","urlTemplate":"https:\/\/casaconciencia.wplab.click\/?s={search_term_string}"},"query-input":{"@type":"PropertyValueSpecification","valueRequired":true,"valueName":"search_term_string"}}],"inLanguage":"en-US"},{"@type":"Organization","@id":"https:\/\/casaconciencia.wplab.click\/#organization","name":"Casa Conciencia","url":"https:\/\/casaconciencia.wplab.click\/","logo":{"@type":"ImageObject","inLanguage":"en-US","@id":"https:\/\/casaconciencia.wplab.click\/#\/schema\/logo\/image\/","url":"https:\/\/casaconciencia.wplab.click\/wp-content\/uploads\/2024\/06\/FavIconCC.svg","contentUrl":"https:\/\/casaconciencia.wplab.click\/wp-content\/uploads\/2024\/06\/FavIconCC.svg","width":295,"height":304,"caption":"Casa Conciencia"},"image":{"@id":"https:\/\/casaconciencia.wplab.click\/#\/schema\/logo\/image\/"}}]}},"_links":{"self":[{"href":"https:\/\/casaconciencia.wplab.click\/en\/wp-json\/wp\/v2\/product\/12365","targetHints":{"allow":["GET"]}}],"collection":[{"href":"https:\/\/casaconciencia.wplab.click\/en\/wp-json\/wp\/v2\/product"}],"about":[{"href":"https:\/\/casaconciencia.wplab.click\/en\/wp-json\/wp\/v2\/types\/product"}],"wp:featuredmedia":[{"embeddable":true,"href":"https:\/\/casaconciencia.wplab.click\/en\/wp-json\/wp\/v2\/media\/13395"}],"wp:attachment":[{"href":"https:\/\/casaconciencia.wplab.click\/en\/wp-json\/wp\/v2\/media?parent=12365"}],"wp:term":[{"taxonomy":"product_brand","embeddable":true,"href":"https:\/\/casaconciencia.wplab.click\/en\/wp-json\/wp\/v2\/product_brand?post=12365"},{"taxonomy":"product_cat","embeddable":true,"href":"https:\/\/casaconciencia.wplab.click\/en\/wp-json\/wp\/v2\/product_cat?post=12365"},{"taxonomy":"product_tag","embeddable":true,"href":"https:\/\/casaconciencia.wplab.click\/en\/wp-json\/wp\/v2\/product_tag?post=12365"}],"curies":[{"name":"wp","href":"https:\/\/api.w.org\/{rel}","templated":true}]}}