{"id":11218,"date":"2024-07-16T00:38:54","date_gmt":"2024-07-16T06:38:54","guid":{"rendered":"https:\/\/casaconciencia.wplab.click\/?post_type=product&#038;p=11218"},"modified":"2024-10-10T16:36:33","modified_gmt":"2024-10-10T22:36:33","slug":"mezcal-ancestral-tobala","status":"publish","type":"product","link":"https:\/\/casaconciencia.wplab.click\/en\/product\/mezcal-ancestral-tobala\/","title":{"rendered":"Tobal\u00e1 Ancestral Mezcal"},"content":{"rendered":"<h6><span style=\"font-weight: 400;\">100% Agave Potatorum, Zucc.<br \/>\n<\/span><span style=\"font-weight: 400;\">Fermentation in pine vats.<br \/>\n<\/span><span style=\"font-weight: 400;\">Distilled in clay pots.<br \/>\n<\/span><span style=\"font-weight: 400;\">Young Mezcal \/ White.<br \/>\n<\/span><span style=\"font-weight: 400;\">47\u00b0 Alc. Vol.<br \/>\n<\/span><span style=\"font-weight: 400;\">750, 700 y 200 ml<\/span><\/h6>\n<p>&nbsp;<\/p>\n<table>\n<tbody>\n<tr>\n<td><span style=\"font-weight: 400;\"> View\u00a0<\/span><\/td>\n<td><span style=\"font-weight: 400;\">Smell\u00a0<\/span><\/td>\n<td><span style=\"font-weight: 400;\">Flavour\u00a0<\/span><\/td>\n<\/tr>\n<tr>\n<td><span style=\"font-weight: 400;\">Crystalline\u00a0<\/span><span style=\"font-weight: 400;\">Abundant and long-lasting legs\u00a0<\/span><\/td>\n<td><span style=\"font-weight: 400;\">Herbal <\/span><span style=\"font-weight: 400;\">Lactic notes\u00a0<\/span><\/p>\n<p><span style=\"font-weight: 400;\">- Sweet\u00a0<\/span><\/p>\n<p><span style=\"font-weight: 400;\">Scented\u00a0<\/span><\/p>\n<p><span style=\"font-weight: 400;\">Coconut\u00a0<\/span><\/td>\n<td><span style=\"font-weight: 400;\">Intense smoky notes\u00a0<\/span><span style=\"font-weight: 400;\">Lactic notes\u00a0<\/span><\/p>\n<p><span style=\"font-weight: 400;\">Ripe roasted banana sweetness\u00a0<\/span><\/p>\n<p><span style=\"font-weight: 400;\">Burnt milk\u00a0<\/span><\/p>\n<p><span style=\"font-weight: 400;\">Long aftertaste, creamy consistency in the mouth.\u00a0<\/span><\/td>\n<\/tr>\n<\/tbody>\n<\/table>","protected":false},"excerpt":{"rendered":"<h6 style=\"text-align: justify;\"><span style=\"font-weight: 400;\">Agave tobal\u00e1, used for mezcal production, is a variety prized for its richness and complexity of flavour. <\/span><\/h6>\n<h6 style=\"text-align: justify;\"><span style=\"font-weight: 400;\">This agave can take up to 15 years to mature, allowing it to develop a deep and sophisticated flavour profile. <\/span><\/h6>\n<h6 style=\"text-align: justify;\"><span style=\"font-weight: 400;\">Mezcal is distilled in a clay pot, an ancestral method that enhances its unique, earthy notes, offering an authentic and richly nuanced experience.<\/span><b>.<\/b><\/h6>","protected":false},"featured_media":12398,"template":"","meta":{"_acf_changed":false},"product_brand":[],"product_cat":[43],"product_tag":[],"class_list":{"0":"post-11218","1":"product","2":"type-product","3":"status-publish","4":"has-post-thumbnail","6":"product_cat-sin-categorizar","8":"first","9":"instock","10":"shipping-taxable","11":"purchasable","12":"product-type-variable"},"acf":[],"yoast_head":"<!-- This site is optimized with the Yoast SEO plugin v24.0 - https:\/\/yoast.com\/wordpress\/plugins\/seo\/ -->\n<title>Mezcal Ancestral Tobal\u00e1 - Casa Conciencia<\/title>\n<meta name=\"robots\" content=\"index, follow, max-snippet:-1, max-image-preview:large, max-video-preview:-1\" \/>\n<link rel=\"canonical\" href=\"https:\/\/casaconciencia.wplab.click\/en\/product\/mezcal-ancestral-tobala\/\" \/>\n<meta property=\"og:locale\" content=\"en_US\" \/>\n<meta property=\"og:type\" content=\"article\" \/>\n<meta property=\"og:title\" content=\"Mezcal Ancestral Tobal\u00e1 - Casa Conciencia\" \/>\n<meta property=\"og:description\" content=\"El agave tobal\u00e1, utilizado para la elaboraci\u00f3n de mezcal, es una variedad apreciada por su riqueza y complejidad de sabor.  Este agave puede tardar hasta 15 a\u00f1os en madurar, lo que le permite desarrollar un perfil de sabor profundo y sofisticado.  El mezcal se destila en olla de barro, un m\u00e9todo ancestral que potencia sus notas \u00fanicas y terrenales, ofreciendo una experiencia aut\u00e9ntica y rica en matices.\" \/>\n<meta property=\"og:url\" content=\"https:\/\/casaconciencia.wplab.click\/en\/product\/mezcal-ancestral-tobala\/\" \/>\n<meta property=\"og:site_name\" content=\"Casa Conciencia\" \/>\n<meta property=\"article:modified_time\" content=\"2024-10-10T22:36:33+00:00\" \/>\n<meta property=\"og:image\" content=\"https:\/\/casaconciencia.wplab.click\/wp-content\/uploads\/2024\/09\/CC-Tobala-4-768x1024.png\" \/>\n\t<meta property=\"og:image:width\" content=\"768\" \/>\n\t<meta property=\"og:image:height\" content=\"1024\" \/>\n\t<meta property=\"og:image:type\" content=\"image\/png\" \/>\n<meta name=\"twitter:card\" content=\"summary_large_image\" \/>\n<meta name=\"twitter:label1\" content=\"Est. reading time\" \/>\n\t<meta name=\"twitter:data1\" content=\"1 minute\" \/>\n<script type=\"application\/ld+json\" class=\"yoast-schema-graph\">{\"@context\":\"https:\/\/schema.org\",\"@graph\":[{\"@type\":\"WebPage\",\"@id\":\"https:\/\/casaconciencia.wplab.click\/producto\/mezcal-ancestral-tobala\/\",\"url\":\"https:\/\/casaconciencia.wplab.click\/producto\/mezcal-ancestral-tobala\/\",\"name\":\"Mezcal Ancestral Tobal\u00e1 - Casa Conciencia\",\"isPartOf\":{\"@id\":\"https:\/\/casaconciencia.wplab.click\/#website\"},\"primaryImageOfPage\":{\"@id\":\"https:\/\/casaconciencia.wplab.click\/producto\/mezcal-ancestral-tobala\/#primaryimage\"},\"image\":{\"@id\":\"https:\/\/casaconciencia.wplab.click\/producto\/mezcal-ancestral-tobala\/#primaryimage\"},\"thumbnailUrl\":\"https:\/\/casaconciencia.wplab.click\/wp-content\/uploads\/2024\/09\/CC-Tobala-4.png\",\"datePublished\":\"2024-07-16T06:38:54+00:00\",\"dateModified\":\"2024-10-10T22:36:33+00:00\",\"breadcrumb\":{\"@id\":\"https:\/\/casaconciencia.wplab.click\/producto\/mezcal-ancestral-tobala\/#breadcrumb\"},\"inLanguage\":\"en-US\",\"potentialAction\":[{\"@type\":\"ReadAction\",\"target\":[\"https:\/\/casaconciencia.wplab.click\/producto\/mezcal-ancestral-tobala\/\"]}]},{\"@type\":\"ImageObject\",\"inLanguage\":\"en-US\",\"@id\":\"https:\/\/casaconciencia.wplab.click\/producto\/mezcal-ancestral-tobala\/#primaryimage\",\"url\":\"https:\/\/casaconciencia.wplab.click\/wp-content\/uploads\/2024\/09\/CC-Tobala-4.png\",\"contentUrl\":\"https:\/\/casaconciencia.wplab.click\/wp-content\/uploads\/2024\/09\/CC-Tobala-4.png\",\"width\":2905,\"height\":3873},{\"@type\":\"BreadcrumbList\",\"@id\":\"https:\/\/casaconciencia.wplab.click\/producto\/mezcal-ancestral-tobala\/#breadcrumb\",\"itemListElement\":[{\"@type\":\"ListItem\",\"position\":1,\"name\":\"Inicio\",\"item\":\"https:\/\/casaconciencia.wplab.click\/\"},{\"@type\":\"ListItem\",\"position\":2,\"name\":\"Tienda\",\"item\":\"https:\/\/casaconciencia.wplab.click\/tienda\/\"},{\"@type\":\"ListItem\",\"position\":3,\"name\":\"Mezcal Ancestral Tobal\u00e1\"}]},{\"@type\":\"WebSite\",\"@id\":\"https:\/\/casaconciencia.wplab.click\/#website\",\"url\":\"https:\/\/casaconciencia.wplab.click\/\",\"name\":\"Casa Conciencia\",\"description\":\"Producci\u00f3n, envasado y venta de mezcal artesanal de Oaxaca.\",\"publisher\":{\"@id\":\"https:\/\/casaconciencia.wplab.click\/#organization\"},\"potentialAction\":[{\"@type\":\"SearchAction\",\"target\":{\"@type\":\"EntryPoint\",\"urlTemplate\":\"https:\/\/casaconciencia.wplab.click\/?s={search_term_string}\"},\"query-input\":{\"@type\":\"PropertyValueSpecification\",\"valueRequired\":true,\"valueName\":\"search_term_string\"}}],\"inLanguage\":\"en-US\"},{\"@type\":\"Organization\",\"@id\":\"https:\/\/casaconciencia.wplab.click\/#organization\",\"name\":\"Casa Conciencia\",\"url\":\"https:\/\/casaconciencia.wplab.click\/\",\"logo\":{\"@type\":\"ImageObject\",\"inLanguage\":\"en-US\",\"@id\":\"https:\/\/casaconciencia.wplab.click\/#\/schema\/logo\/image\/\",\"url\":\"https:\/\/casaconciencia.wplab.click\/wp-content\/uploads\/2024\/06\/FavIconCC.svg\",\"contentUrl\":\"https:\/\/casaconciencia.wplab.click\/wp-content\/uploads\/2024\/06\/FavIconCC.svg\",\"width\":295,\"height\":304,\"caption\":\"Casa Conciencia\"},\"image\":{\"@id\":\"https:\/\/casaconciencia.wplab.click\/#\/schema\/logo\/image\/\"}}]}<\/script>\n<!-- \/ Yoast SEO plugin. -->","yoast_head_json":{"title":"Mezcal Ancestral Tobal\u00e1 - Casa Conciencia","robots":{"index":"index","follow":"follow","max-snippet":"max-snippet:-1","max-image-preview":"max-image-preview:large","max-video-preview":"max-video-preview:-1"},"canonical":"https:\/\/casaconciencia.wplab.click\/en\/product\/mezcal-ancestral-tobala\/","og_locale":"en_US","og_type":"article","og_title":"Mezcal Ancestral Tobal\u00e1 - Casa Conciencia","og_description":"El agave tobal\u00e1, utilizado para la elaboraci\u00f3n de mezcal, es una variedad apreciada por su riqueza y complejidad de sabor.  Este agave puede tardar hasta 15 a\u00f1os en madurar, lo que le permite desarrollar un perfil de sabor profundo y sofisticado.  El mezcal se destila en olla de barro, un m\u00e9todo ancestral que potencia sus notas \u00fanicas y terrenales, ofreciendo una experiencia aut\u00e9ntica y rica en matices.","og_url":"https:\/\/casaconciencia.wplab.click\/en\/product\/mezcal-ancestral-tobala\/","og_site_name":"Casa Conciencia","article_modified_time":"2024-10-10T22:36:33+00:00","og_image":[{"width":768,"height":1024,"url":"https:\/\/casaconciencia.wplab.click\/wp-content\/uploads\/2024\/09\/CC-Tobala-4-768x1024.png","type":"image\/png"}],"twitter_card":"summary_large_image","twitter_misc":{"Est. reading time":"1 minute"},"schema":{"@context":"https:\/\/schema.org","@graph":[{"@type":"WebPage","@id":"https:\/\/casaconciencia.wplab.click\/producto\/mezcal-ancestral-tobala\/","url":"https:\/\/casaconciencia.wplab.click\/producto\/mezcal-ancestral-tobala\/","name":"Mezcal Ancestral Tobal\u00e1 - Casa Conciencia","isPartOf":{"@id":"https:\/\/casaconciencia.wplab.click\/#website"},"primaryImageOfPage":{"@id":"https:\/\/casaconciencia.wplab.click\/producto\/mezcal-ancestral-tobala\/#primaryimage"},"image":{"@id":"https:\/\/casaconciencia.wplab.click\/producto\/mezcal-ancestral-tobala\/#primaryimage"},"thumbnailUrl":"https:\/\/casaconciencia.wplab.click\/wp-content\/uploads\/2024\/09\/CC-Tobala-4.png","datePublished":"2024-07-16T06:38:54+00:00","dateModified":"2024-10-10T22:36:33+00:00","breadcrumb":{"@id":"https:\/\/casaconciencia.wplab.click\/producto\/mezcal-ancestral-tobala\/#breadcrumb"},"inLanguage":"en-US","potentialAction":[{"@type":"ReadAction","target":["https:\/\/casaconciencia.wplab.click\/producto\/mezcal-ancestral-tobala\/"]}]},{"@type":"ImageObject","inLanguage":"en-US","@id":"https:\/\/casaconciencia.wplab.click\/producto\/mezcal-ancestral-tobala\/#primaryimage","url":"https:\/\/casaconciencia.wplab.click\/wp-content\/uploads\/2024\/09\/CC-Tobala-4.png","contentUrl":"https:\/\/casaconciencia.wplab.click\/wp-content\/uploads\/2024\/09\/CC-Tobala-4.png","width":2905,"height":3873},{"@type":"BreadcrumbList","@id":"https:\/\/casaconciencia.wplab.click\/producto\/mezcal-ancestral-tobala\/#breadcrumb","itemListElement":[{"@type":"ListItem","position":1,"name":"Inicio","item":"https:\/\/casaconciencia.wplab.click\/"},{"@type":"ListItem","position":2,"name":"Tienda","item":"https:\/\/casaconciencia.wplab.click\/tienda\/"},{"@type":"ListItem","position":3,"name":"Mezcal Ancestral Tobal\u00e1"}]},{"@type":"WebSite","@id":"https:\/\/casaconciencia.wplab.click\/#website","url":"https:\/\/casaconciencia.wplab.click\/","name":"Casa Conciencia","description":"Producci\u00f3n, envasado y venta de mezcal artesanal de Oaxaca.","publisher":{"@id":"https:\/\/casaconciencia.wplab.click\/#organization"},"potentialAction":[{"@type":"SearchAction","target":{"@type":"EntryPoint","urlTemplate":"https:\/\/casaconciencia.wplab.click\/?s={search_term_string}"},"query-input":{"@type":"PropertyValueSpecification","valueRequired":true,"valueName":"search_term_string"}}],"inLanguage":"en-US"},{"@type":"Organization","@id":"https:\/\/casaconciencia.wplab.click\/#organization","name":"Casa Conciencia","url":"https:\/\/casaconciencia.wplab.click\/","logo":{"@type":"ImageObject","inLanguage":"en-US","@id":"https:\/\/casaconciencia.wplab.click\/#\/schema\/logo\/image\/","url":"https:\/\/casaconciencia.wplab.click\/wp-content\/uploads\/2024\/06\/FavIconCC.svg","contentUrl":"https:\/\/casaconciencia.wplab.click\/wp-content\/uploads\/2024\/06\/FavIconCC.svg","width":295,"height":304,"caption":"Casa Conciencia"},"image":{"@id":"https:\/\/casaconciencia.wplab.click\/#\/schema\/logo\/image\/"}}]}},"_links":{"self":[{"href":"https:\/\/casaconciencia.wplab.click\/en\/wp-json\/wp\/v2\/product\/11218","targetHints":{"allow":["GET"]}}],"collection":[{"href":"https:\/\/casaconciencia.wplab.click\/en\/wp-json\/wp\/v2\/product"}],"about":[{"href":"https:\/\/casaconciencia.wplab.click\/en\/wp-json\/wp\/v2\/types\/product"}],"wp:featuredmedia":[{"embeddable":true,"href":"https:\/\/casaconciencia.wplab.click\/en\/wp-json\/wp\/v2\/media\/12398"}],"wp:attachment":[{"href":"https:\/\/casaconciencia.wplab.click\/en\/wp-json\/wp\/v2\/media?parent=11218"}],"wp:term":[{"taxonomy":"product_brand","embeddable":true,"href":"https:\/\/casaconciencia.wplab.click\/en\/wp-json\/wp\/v2\/product_brand?post=11218"},{"taxonomy":"product_cat","embeddable":true,"href":"https:\/\/casaconciencia.wplab.click\/en\/wp-json\/wp\/v2\/product_cat?post=11218"},{"taxonomy":"product_tag","embeddable":true,"href":"https:\/\/casaconciencia.wplab.click\/en\/wp-json\/wp\/v2\/product_tag?post=11218"}],"curies":[{"name":"wp","href":"https:\/\/api.w.org\/{rel}","templated":true}]}}